{"id":4273,"date":"2015-02-03T15:14:44","date_gmt":"2015-02-03T14:14:44","guid":{"rendered":"http:\/\/www.baazar.se\/sv\/?page_id=4273"},"modified":"2015-02-03T15:14:44","modified_gmt":"2015-02-03T14:14:44","slug":"om-moblerna","status":"publish","type":"page","link":"https:\/\/www.baazar.se\/sv\/om-moblerna\/","title":{"rendered":"Om m\u00f6blerna"},"content":{"rendered":"<p>Baazar Coffee &amp; Home s\u00e4ljer m\u00f6bler fr\u00e4mst fr\u00e5n Kina. Vissa m\u00f6bler \u00e4r nytillverkade i klassisk stil med ett modernt snitt medan andra \u00e4r \u00f6ver hundra \u00e5r gamla och har anv\u00e4nts i kinesiska hem.<\/p>\n<h3>Renoverat eller nytt?<\/h3>\n<p>De gamla m\u00f6blerna renoveras varsamt av duktiga m\u00f6belsnickare. Ibland m\u00e5ste en eller flera delar bytas ut. Hela m\u00f6beln ytbehandlas slutligen. De nya m\u00f6blerna antikbehandlas ofta s\u00e5 de ser gamla ut. F\u00f6r det otr\u00e4nade \u00f6gat kan det vara sv\u00e5rt att skilja en ny och en gammal m\u00f6bel \u00e5t. D\u00e5 alla m\u00f6bler \u00e4r handtillverkade, nya och antika, s\u00e5 f\u00f6rekommer variationer i storlek, utsmyckning och f\u00e4rgnyanser p\u00e5 varor av samma sort. Det skapar en unik k\u00e4nsla f\u00f6r var produkt. Vi reserverar oss f\u00f6r dessa variationer.<\/p>\n","protected":false},"excerpt":{"rendered":"<p>Baazar Coffee &amp; Home s\u00e4ljer m\u00f6bler fr\u00e4mst fr\u00e5n Kina. Vissa m\u00f6bler \u00e4r nytillverkade i klassisk stil med ett modernt snitt medan andra \u00e4r \u00f6ver hundra \u00e5r gamla och har anv\u00e4nts i kinesiska hem. Renoverat eller nytt? De gamla m\u00f6blerna renoveras varsamt av duktiga m\u00f6belsnickare. Ibland m\u00e5ste en eller flera delar bytas ut. Hela m\u00f6beln ytbehandlas<\/p>\n","protected":false},"author":1,"featured_media":0,"parent":0,"menu_order":0,"comment_status":"open","ping_status":"open","template":"","meta":{"footnotes":""},"class_list":["post-4273","page","type-page","status-publish","hentry"],"_links":{"self":[{"href":"https:\/\/www.baazar.se\/sv\/wp-json\/wp\/v2\/pages\/4273","targetHints":{"allow":["GET"]}}],"collection":[{"href":"https:\/\/www.baazar.se\/sv\/wp-json\/wp\/v2\/pages"}],"about":[{"href":"https:\/\/www.baazar.se\/sv\/wp-json\/wp\/v2\/types\/page"}],"author":[{"embeddable":true,"href":"https:\/\/www.baazar.se\/sv\/wp-json\/wp\/v2\/users\/1"}],"replies":[{"embeddable":true,"href":"https:\/\/www.baazar.se\/sv\/wp-json\/wp\/v2\/comments?post=4273"}],"version-history":[{"count":1,"href":"https:\/\/www.baazar.se\/sv\/wp-json\/wp\/v2\/pages\/4273\/revisions"}],"predecessor-version":[{"id":4274,"href":"https:\/\/www.baazar.se\/sv\/wp-json\/wp\/v2\/pages\/4273\/revisions\/4274"}],"wp:attachment":[{"href":"https:\/\/www.baazar.se\/sv\/wp-json\/wp\/v2\/media?parent=4273"}],"curies":[{"name":"wp","href":"https:\/\/api.w.org\/{rel}","templated":true}]}}