{"id":4275,"date":"2015-02-03T15:15:02","date_gmt":"2015-02-03T14:15:02","guid":{"rendered":"http:\/\/www.baazar.se\/sv\/?page_id=4275"},"modified":"2017-10-18T08:12:09","modified_gmt":"2017-10-18T06:12:09","slug":"pressmaterial","status":"publish","type":"page","link":"https:\/\/www.baazar.se\/sv\/pressmaterial\/","title":{"rendered":"Pressmaterial"},"content":{"rendered":"<h3>Pressmaterial<\/h3>\n<p>Vi l\u00e5nar g\u00e4rna ut produkter f\u00f6r fotografering. Vill ni anv\u00e4nda bilder ur v\u00e5r databas s\u00e5 maila Baazar p\u00e5\u00a0<a href=\"mailto:press@baazar.se\">press@baazar.se<\/a>.<\/p>\n<p>Baazar Coffee &amp; Home tillverkar och renoverar kinesiska m\u00f6bler fr\u00e5n hela Kina. Alla antika m\u00f6bler handplockas p\u00e5 den kinesiska landsbygden och renoveras med traditionella metoder. V\u00e5ra nytillverkade m\u00f6bler f\u00f6ljer samma tillverkningstradition. Ett genuint hantverk, varsamt anpassat till v\u00e5r tids \u00f6nskem\u00e5l om funktionalitet.<\/p>\n","protected":false},"excerpt":{"rendered":"<p>Pressmaterial Vi l\u00e5nar g\u00e4rna ut produkter f\u00f6r fotografering. Vill ni anv\u00e4nda bilder ur v\u00e5r databas s\u00e5 maila Baazar p\u00e5\u00a0press@baazar.se. Baazar Coffee &amp; Home tillverkar och renoverar kinesiska m\u00f6bler fr\u00e5n hela Kina. Alla antika m\u00f6bler handplockas p\u00e5 den kinesiska landsbygden och renoveras med traditionella metoder. V\u00e5ra nytillverkade m\u00f6bler f\u00f6ljer samma tillverkningstradition. Ett genuint hantverk, varsamt anpassat<\/p>\n","protected":false},"author":1,"featured_media":0,"parent":0,"menu_order":0,"comment_status":"open","ping_status":"open","template":"","meta":{"footnotes":""},"class_list":["post-4275","page","type-page","status-publish","hentry"],"_links":{"self":[{"href":"https:\/\/www.baazar.se\/sv\/wp-json\/wp\/v2\/pages\/4275","targetHints":{"allow":["GET"]}}],"collection":[{"href":"https:\/\/www.baazar.se\/sv\/wp-json\/wp\/v2\/pages"}],"about":[{"href":"https:\/\/www.baazar.se\/sv\/wp-json\/wp\/v2\/types\/page"}],"author":[{"embeddable":true,"href":"https:\/\/www.baazar.se\/sv\/wp-json\/wp\/v2\/users\/1"}],"replies":[{"embeddable":true,"href":"https:\/\/www.baazar.se\/sv\/wp-json\/wp\/v2\/comments?post=4275"}],"version-history":[{"count":1,"href":"https:\/\/www.baazar.se\/sv\/wp-json\/wp\/v2\/pages\/4275\/revisions"}],"predecessor-version":[{"id":4276,"href":"https:\/\/www.baazar.se\/sv\/wp-json\/wp\/v2\/pages\/4275\/revisions\/4276"}],"wp:attachment":[{"href":"https:\/\/www.baazar.se\/sv\/wp-json\/wp\/v2\/media?parent=4275"}],"curies":[{"name":"wp","href":"https:\/\/api.w.org\/{rel}","templated":true}]}}