{"id":4293,"date":"2015-02-03T15:38:58","date_gmt":"2015-02-03T14:38:58","guid":{"rendered":"http:\/\/www.baazar.se\/sv\/?page_id=4293"},"modified":"2026-02-02T14:58:30","modified_gmt":"2026-02-02T13:58:30","slug":"faq","status":"publish","type":"page","link":"https:\/\/www.baazar.se\/sv\/faq\/","title":{"rendered":"FAQ \/ VILLKOR"},"content":{"rendered":"<div class=\"fusion-fullwidth fullwidth-box fusion-builder-row-1 nonhundred-percent-fullwidth non-hundred-percent-height-scrolling\" style=\"--awb-border-radius-top-left:0px;--awb-border-radius-top-right:0px;--awb-border-radius-bottom-right:0px;--awb-border-radius-bottom-left:0px;--awb-flex-wrap:wrap;\" ><div class=\"fusion-builder-row fusion-row\"><div class=\"fusion-layout-column fusion_builder_column fusion-builder-column-0 fusion_builder_column_1_1 1_1 fusion-one-full fusion-column-first fusion-column-last\" style=\"--awb-bg-size:cover;--awb-margin-bottom:0px;\"><div class=\"fusion-column-wrapper fusion-flex-column-wrapper-legacy\"><div class=\"fusion-text fusion-text-1\" style=\"--awb-text-transform:none;\"><div class=\"article-rel-wrapper\">\n<h1 class=\"contentheading\">Frakt, villkor och andra vanliga fr\u00e5gor&#8230;<\/h1>\n<\/div>\n<h3><strong>\u00c4r m\u00f6blerna gamla?<\/strong><br \/>\nVi s\u00e4ljer b\u00e5de nya och gamla m\u00f6bler.\u00a0<span style=\"line-height: 1.5;\">De nya m\u00f6blerna tillverkas f\u00f6r hand en och en f\u00f6r att f\u00e5 den r\u00e4tta genuina k\u00e4nslan. De gamla m\u00f6blerna\u00a0\u00e4r handplockade och varsamt renoverade f\u00f6r hand p\u00e5 v\u00e5r verkstad. Alla nytillverkade m\u00f6bler tillverkas f\u00f6r hand helt i tr\u00e4 och m\u00f6belplywood, vi anv\u00e4nder inga sp\u00e5nskivor eller andra underm\u00e5liga material i n\u00e5gra av v\u00e5ra m\u00f6bler.<\/span><\/h3>\n<h3><strong>Vem tillverkar\/renoverar m\u00f6blerna?<\/strong><br \/>\nM\u00f6blerna kommer fr\u00e5n v\u00e5r verkstad i Kina, m\u00f6belsnickarna har bra betalt och produktionen sker p\u00e5 ett milj\u00f6m\u00e4ssigt bra s\u00e4tt. Vi \u00e5teranv\u00e4nder \u00e4ven gamla m\u00f6bler vilket sparar milj\u00f6n p\u00e5 ett effektivt s\u00e4tt. Vi tillverkar inte s\u00e5 billigt som m\u00f6jligt utan s\u00e5 bra som m\u00f6jligt. Att priserna \u00e4r s\u00e5 l\u00e5ga beror p\u00e5 att vi inte har n\u00e5gra mellanh\u00e4nder utan g\u00f6r allt sj\u00e4lva. V\u00e5r passion f\u00f6r m\u00f6bler delas av de duktiga hantverkarna.<\/h3>\n<h3><strong>Var finns Baazar?<\/strong><br \/>\nBaazar Coffee &amp; Home \u00e4r ett internetbaserat f\u00f6retag med f\u00f6rs\u00e4ljning h\u00e4r p\u00e5 hemsidan. Baazar \u00e4r en del av Copy Vision AB. Du n\u00e5r v\u00e5r v\u00e4xel p\u00e5 0382-671 67.<\/h3>\n<h3><strong>Hur handlar jag h\u00e4r p\u00e5 hemsidan?<\/strong><br \/>\nV\u00e4lj dina varor i menyn, fyll i dina uppgifter i kassan\u00a0och g\u00f6r ditt k\u00f6p. N\u00e4r du gjort ditt k\u00f6p f\u00e5r du en orderbekr\u00e4ftelse p\u00e5 e-mail. S\u00e5 snart ditt k\u00f6p \u00e4r registrerad och varorna finns f\u00e4rdiga f\u00f6r leverans s\u00e5 s\u00e4nds dina varor.\u00a0Du har full returr\u00e4tt p\u00e5 allt du k\u00f6per om du av n\u00e5gon anledning inte skulle vara n\u00f6jd, du bekostar d\u00e5 endast den faktiska frakten.<\/h3>\n<h3><strong>Hur levereras varorna?<\/strong><br \/>\nDu kan h\u00e4mta dina varor i S\u00e4vsj\u00f6 och d\u00e5 tillkommer ingen frakt. Vi levererar till hela Europa med egna transporter eller med fraktbolag.<\/h3>\n<h3><strong>Vad kostar frakten?<\/strong><br \/>\nInom Sverige kostar frakten just nu fr\u00e5n 595 kronor d\u00e5 vi har kampanj (ordinarie pris 1495 kronor) oavsett hur mycket du best\u00e4ller. Syna godset noga och g\u00f6r eventuella anm\u00e4rkningar direkt till chauff\u00f6ren p\u00e5 fraktsedeln.<\/h3>\n<h3><strong>H\u00e4mta p\u00e5 v\u00e5rt lager kostnadsfritt<\/strong><br \/>\nDu kan alltid h\u00e4mta dina m\u00f6bler p\u00e5 v\u00e5rt lager i Sm\u00e5land helt kostnadsfritt.<\/h3>\n<h3>F\u00f6r leveranser till andra l\u00e4nder erbjuder vi alltid sj\u00e4lvkostnadspris p\u00e5 frakten och hj\u00e4lper dig att boka den p\u00e5 det s\u00e4tt som passar dig b\u00e4st.\u00a0Kontakta oss p\u00e5 <a href=\"mailto:info@baazar.se\">info@baazar.se<\/a> f\u00f6r fraktkostnader f\u00f6r leverans utanf\u00f6r Sverige.<\/h3>\n<h3><strong>Hur kan jag komma i kontakt med Baazar?<\/strong><br \/>\nVill du ringa oss s\u00e5 n\u00e5r du v\u00e5r v\u00e4xel p\u00e5 0382-671 67, vill du maila kan du g\u00f6ra det p\u00e5\u00a0<a href=\"mailto:info@baazar.se\">info@baazar.se<\/a><\/h3>\n<h3><strong>Hur behandlas de personuppgifter man l\u00e4mnar till Baazar Coffee &amp; Home?<\/strong><br \/>\nGenom att l\u00e4mna uppgifter till Baazar Coffee &amp; Home\/Copy Vision AB s\u00e5 godk\u00e4nner du att vi sparar dina uppgifter f\u00f6r att kunna kommunicera med dig ang\u00e5ende ditt k\u00f6p och ge dig olika erbjudande fr\u00e5n\u00a0Baazar Coffee &amp; Home\/Copy Vision AB enligt regelverket f\u00f6r GDPR.\u00a0\u00a0<a href=\"https:\/\/www.baazar.se\/sv\/om-baazar\/integritetspolicy\/\">L\u00e4s mer om Baazar Coffee &amp; Homes integritetspolicy h\u00e4r&#8230;<\/a><\/h3>\n<h3><strong>F\u00e5r jag \u00e5ngra mitt k\u00f6p p\u00e5 www.baazar.se?<br \/>\n<\/strong>Best\u00e4ller du p\u00e5 hemsidan med hemleverans s\u00e5 har du \u00e5ngerr\u00e4tt.<\/h3>\n<h3>1. Vi ger dig 14 dagars \u00e5ngerr\u00e4tt efter mottagen vara.<\/h3>\n<h3>2. Kontakta oss s\u00e5 meddelar vi vilken adress er produkt skall skickas till.<\/h3>\n<h3>3. Du som kund st\u00e5r endast f\u00f6r de faktiska fraktkostnaderna enligt DHLs tariff.<\/h3>\n<h3>4. Vid godk\u00e4nd \u00e5ngerr\u00e4tt skall varan skickas tillbaka till oss oanv\u00e4nd och i f\u00f6rpackning av samma skick som varan levererades i. Om f\u00f6rpackningen inte \u00e4r i samma skick som varan levererades i tillkommer en kostnad f\u00f6r omemballering och hantering p\u00e5 895 kr. Denna kostnad g\u00e4ller endast st\u00f6rre f\u00f6rs\u00e4ndelser och ej textilier, belysning samt liknande produkter.<\/h3>\n<h3>5. Vid godk\u00e4nd retur efter inspektion \u00e5terbetalar vi pengarna till dig inom 20 dagar.<\/h3>\n<h3><strong>Reklamation<\/strong><br \/>\n\u00c4r det n\u00e5got fel p\u00e5 varan s\u00e5 meddela oss detta inom \u00e5tta dagar efter leverans. Vid godk\u00e4nd reklamation s\u00e5 ers\u00e4tts varan med en ny eller \u00e5tg\u00e4rdas p\u00e5 plats kostnadsfritt. Vill man inte ha varan s\u00e5 hanteras det som en retur enligt reglerna f\u00f6r \u00e5ngerr\u00e4tt\/retur. Kunden st\u00e5r d\u00e5 f\u00f6r den faktiska fraktkostnaden enligt DHLs tariff.<\/h3>\n<h3><strong>Baazar Coffe &amp; Home\/Copy Vision AB<br \/>\n<\/strong><\/h3>\n<h3>Organisationsnummer: 556656-5528<br \/>\nAdress: Domareg\u00e5rden 1,\u00a057632 S\u00e4vsj\u00f6<br \/>\nTel: 0735-0738 05<\/h3>\n<h2><strong>V\u00e4lkomna till BAAZAR!<\/strong><\/h2>\n<\/div><div class=\"fusion-clearfix\"><\/div><\/div><\/div><\/div><\/div>\n","protected":false},"excerpt":{"rendered":"","protected":false},"author":1,"featured_media":0,"parent":0,"menu_order":0,"comment_status":"open","ping_status":"open","template":"100-width.php","meta":{"footnotes":""},"class_list":["post-4293","page","type-page","status-publish","hentry"],"_links":{"self":[{"href":"https:\/\/www.baazar.se\/sv\/wp-json\/wp\/v2\/pages\/4293","targetHints":{"allow":["GET"]}}],"collection":[{"href":"https:\/\/www.baazar.se\/sv\/wp-json\/wp\/v2\/pages"}],"about":[{"href":"https:\/\/www.baazar.se\/sv\/wp-json\/wp\/v2\/types\/page"}],"author":[{"embeddable":true,"href":"https:\/\/www.baazar.se\/sv\/wp-json\/wp\/v2\/users\/1"}],"replies":[{"embeddable":true,"href":"https:\/\/www.baazar.se\/sv\/wp-json\/wp\/v2\/comments?post=4293"}],"version-history":[{"count":53,"href":"https:\/\/www.baazar.se\/sv\/wp-json\/wp\/v2\/pages\/4293\/revisions"}],"predecessor-version":[{"id":56148,"href":"https:\/\/www.baazar.se\/sv\/wp-json\/wp\/v2\/pages\/4293\/revisions\/56148"}],"wp:attachment":[{"href":"https:\/\/www.baazar.se\/sv\/wp-json\/wp\/v2\/media?parent=4293"}],"curies":[{"name":"wp","href":"https:\/\/api.w.org\/{rel}","templated":true}]}}