{"id":1528,"date":"2023-01-03T16:08:31","date_gmt":"2023-01-03T15:08:31","guid":{"rendered":"http:\/\/www.baazar.se\/sv\/?post_type=product&#038;p=1528"},"modified":"2026-03-26T15:38:59","modified_gmt":"2026-03-26T14:38:59","slug":"nytt-brudskap-f-05-vit-natt-modell","status":"publish","type":"product","link":"https:\/\/www.baazar.se\/sv\/produkt\/nytt-brudskap-f-05-vit-natt-modell\/","title":{"rendered":"F-05 Nytt brudsk\u00e5p, vit n\u00e4tt modell"},"content":{"rendered":"","protected":false},"excerpt":{"rendered":"<p>Vackert, n\u00e4tt brudsk\u00e5p. Fantastiskt hantverk som passar i moderna milj\u00f6er s\u00e5 v\u00e4l som i de mer traditionella hemmen.Tillverkad efter antik f\u00f6rlaga. Det optimala djupet g\u00f6r att det fungerar utm\u00e4rkt i en hall, badrum, vardagsrum eller sovrum. Kan \u00e4ven bli ett perfekt k\u00f6kssk\u00e5p eller linnesk\u00e5p med f\u00f6r den delen. Tv\u00e5 hyllplan + botten, ett av hyllplanen har tv\u00e5 l\u00e5dor.<br \/>\nPopul\u00e4r m\u00f6bel som oftast s\u00e4ljer slut innan den hinner in p\u00e5 lager.<\/p>\n<p>Dimensioner: Djup <span class=\"product_dimensions\">37 cm,\u00a0 Bredd 100 cm, H\u00f6jd 170 cm.<\/span><\/p>\n<p>En unik m\u00f6bel till ditt hem<br \/>\nBaazar tillverkar och renoverar m\u00f6bler varsamt f\u00f6r hand enligt tusen\u00e5riga traditioner. Alla m\u00f6bler tillverkas helt utav tr\u00e4. <a href=\"https:\/\/www.baazar.se\/sv\/baazars-mobelverkstad\/\">L\u00e4s mer om v\u00e5r produktion h\u00e4r\u2026<\/a><\/p>\n","protected":false},"featured_media":14420,"template":"","meta":[],"product_brand":[],"product_cat":[136,360,58,358,370,107,357,389,359],"product_tag":[],"class_list":{"0":"post-1528","1":"product","2":"type-product","3":"status-publish","4":"has-post-thumbnail","6":"product_cat-baazars-favoriter","7":"product_cat-badrum","8":"product_cat-brollopsskap-och-brudskap","9":"product_cat-hall","10":"product_cat-medium_skap","11":"product_cat-skap","12":"product_cat-sovrum","13":"product_cat-stora_skap","14":"product_cat-vardagsrum","15":"product_shipping_class-hemleverans-18-21kg-900","16":"pa_color-svart","17":"pa_color-vit","18":"tm-has-options","20":"first","21":"instock","22":"sale","23":"featured","24":"taxable","25":"shipping-taxable","26":"purchasable","27":"product-type-simple"},"_links":{"self":[{"href":"https:\/\/www.baazar.se\/sv\/wp-json\/wp\/v2\/product\/1528","targetHints":{"allow":["GET"]}}],"collection":[{"href":"https:\/\/www.baazar.se\/sv\/wp-json\/wp\/v2\/product"}],"about":[{"href":"https:\/\/www.baazar.se\/sv\/wp-json\/wp\/v2\/types\/product"}],"wp:featuredmedia":[{"embeddable":true,"href":"https:\/\/www.baazar.se\/sv\/wp-json\/wp\/v2\/media\/14420"}],"wp:attachment":[{"href":"https:\/\/www.baazar.se\/sv\/wp-json\/wp\/v2\/media?parent=1528"}],"wp:term":[{"taxonomy":"product_brand","embeddable":true,"href":"https:\/\/www.baazar.se\/sv\/wp-json\/wp\/v2\/product_brand?post=1528"},{"taxonomy":"product_cat","embeddable":true,"href":"https:\/\/www.baazar.se\/sv\/wp-json\/wp\/v2\/product_cat?post=1528"},{"taxonomy":"product_tag","embeddable":true,"href":"https:\/\/www.baazar.se\/sv\/wp-json\/wp\/v2\/product_tag?post=1528"}],"curies":[{"name":"wp","href":"https:\/\/api.w.org\/{rel}","templated":true}]}}