{"id":15868,"date":"2021-06-24T10:24:34","date_gmt":"2021-06-24T08:24:34","guid":{"rendered":"https:\/\/www.baazar.se\/sv\/?post_type=product&#038;p=15868"},"modified":"2026-04-07T11:19:06","modified_gmt":"2026-04-07T09:19:06","slug":"bf-076","status":"publish","type":"product","link":"https:\/\/www.baazar.se\/sv\/produkt\/bf-076\/","title":{"rendered":"BF-076 kangb\u00e4nk bl\u00e5"},"content":{"rendered":"","protected":false},"excerpt":{"rendered":"<p>Vacker bl\u00e5 vintagem\u00f6bel, perfekt som media-b\u00e4nk. Gammal m\u00f6bel med fantastisk charm, varierar n\u00e5got i storlek och utformande d\u00e5 varje m\u00f6bel \u00e4r unik. Storlek: 102 cm brett, 25 cm djupt och 38 cm h\u00f6gt.<\/p>\n<p>En unik m\u00f6bel till ditt hem<br \/>\nBaazar tillverkar och renoverar m\u00f6bler varsamt f\u00f6r hand enligt tusen\u00e5riga traditioner. Alla m\u00f6bler tillverkas helt utav tr\u00e4. <a href=\"https:\/\/www.baazar.se\/sv\/baazars-mobelverkstad\/\">L\u00e4s mer om v\u00e5r produktion h\u00e4r&#8230;<\/a><\/p>\n","protected":false},"featured_media":45355,"template":"","meta":[],"product_brand":[],"product_cat":[130,372,395,137,368,140,134],"product_tag":[],"class_list":{"0":"post-15868","1":"product","2":"type-product","3":"status-publish","4":"has-post-thumbnail","6":"product_cat-byra","7":"product_cat-fargstarkt","8":"product_cat-hallmobler","9":"product_cat-kang","10":"product_cat-side-board","11":"product_cat-skankar","12":"product_cat-tv-bankar","13":"product_shipping_class-hemleverans-18-21kg-900","14":"tm-has-options","16":"first","17":"outofstock","18":"taxable","19":"shipping-taxable","20":"purchasable","21":"product-type-simple"},"_links":{"self":[{"href":"https:\/\/www.baazar.se\/sv\/wp-json\/wp\/v2\/product\/15868","targetHints":{"allow":["GET"]}}],"collection":[{"href":"https:\/\/www.baazar.se\/sv\/wp-json\/wp\/v2\/product"}],"about":[{"href":"https:\/\/www.baazar.se\/sv\/wp-json\/wp\/v2\/types\/product"}],"wp:featuredmedia":[{"embeddable":true,"href":"https:\/\/www.baazar.se\/sv\/wp-json\/wp\/v2\/media\/45355"}],"wp:attachment":[{"href":"https:\/\/www.baazar.se\/sv\/wp-json\/wp\/v2\/media?parent=15868"}],"wp:term":[{"taxonomy":"product_brand","embeddable":true,"href":"https:\/\/www.baazar.se\/sv\/wp-json\/wp\/v2\/product_brand?post=15868"},{"taxonomy":"product_cat","embeddable":true,"href":"https:\/\/www.baazar.se\/sv\/wp-json\/wp\/v2\/product_cat?post=15868"},{"taxonomy":"product_tag","embeddable":true,"href":"https:\/\/www.baazar.se\/sv\/wp-json\/wp\/v2\/product_tag?post=15868"}],"curies":[{"name":"wp","href":"https:\/\/api.w.org\/{rel}","templated":true}]}}