{"id":16062,"date":"2023-01-02T15:53:15","date_gmt":"2023-01-02T14:53:15","guid":{"rendered":"https:\/\/www.baazar.se\/sv\/?post_type=product&#038;p=16062"},"modified":"2026-04-07T21:12:19","modified_gmt":"2026-04-07T19:12:19","slug":"bf-048-soffbord","status":"publish","type":"product","link":"https:\/\/www.baazar.se\/sv\/produkt\/bf-048-soffbord\/","title":{"rendered":"BF-048 Soffbord"},"content":{"rendered":"","protected":false},"excerpt":{"rendered":"<p>Soffbord med sarg av svarvat tr\u00e4. Fantastiskt vackert hantverk, sk\u00f6n patina!<\/p>\n<p>Dimensioner: Djup 90 cm, Bredd 90 cm,\u00a0H\u00f6jd 45 cm.<\/p>\n<p>En unik m\u00f6bel till ditt hem!<br \/>\nBaazar tillverkar och renoverar m\u00f6bler varsamt f\u00f6r hand enligt tusen\u00e5riga traditioner. Alla m\u00f6bler tillverkas helt utav tr\u00e4. <a href=\"https:\/\/www.baazar.se\/sv\/baazars-mobelverkstad\/\">L\u00e4s mer om v\u00e5r produktion h\u00e4r&#8230;<\/a><\/p>\n","protected":false},"featured_media":34959,"template":"","meta":[],"product_brand":[],"product_cat":[367,392,359],"product_tag":[],"class_list":{"0":"post-16062","1":"product","2":"type-product","3":"status-publish","4":"has-post-thumbnail","6":"product_cat-bord","7":"product_cat-soffbord","8":"product_cat-vardagsrum","9":"product_shipping_class-hemleverans-18-21kg-900","10":"tm-has-options","12":"first","13":"onbackorder","14":"taxable","15":"shipping-taxable","16":"purchasable","17":"product-type-simple"},"_links":{"self":[{"href":"https:\/\/www.baazar.se\/sv\/wp-json\/wp\/v2\/product\/16062","targetHints":{"allow":["GET"]}}],"collection":[{"href":"https:\/\/www.baazar.se\/sv\/wp-json\/wp\/v2\/product"}],"about":[{"href":"https:\/\/www.baazar.se\/sv\/wp-json\/wp\/v2\/types\/product"}],"wp:featuredmedia":[{"embeddable":true,"href":"https:\/\/www.baazar.se\/sv\/wp-json\/wp\/v2\/media\/34959"}],"wp:attachment":[{"href":"https:\/\/www.baazar.se\/sv\/wp-json\/wp\/v2\/media?parent=16062"}],"wp:term":[{"taxonomy":"product_brand","embeddable":true,"href":"https:\/\/www.baazar.se\/sv\/wp-json\/wp\/v2\/product_brand?post=16062"},{"taxonomy":"product_cat","embeddable":true,"href":"https:\/\/www.baazar.se\/sv\/wp-json\/wp\/v2\/product_cat?post=16062"},{"taxonomy":"product_tag","embeddable":true,"href":"https:\/\/www.baazar.se\/sv\/wp-json\/wp\/v2\/product_tag?post=16062"}],"curies":[{"name":"wp","href":"https:\/\/api.w.org\/{rel}","templated":true}]}}