{"id":16364,"date":"2026-02-18T16:41:22","date_gmt":"2026-02-18T15:41:22","guid":{"rendered":"https:\/\/www.baazar.se\/sv\/?post_type=product&#038;p=16364"},"modified":"2026-04-05T12:30:07","modified_gmt":"2026-04-05T10:30:07","slug":"bf-045-soffbord-svart","status":"publish","type":"product","link":"https:\/\/www.baazar.se\/sv\/produkt\/bf-045-soffbord-svart\/","title":{"rendered":"BF-045 soffbord svart"},"content":{"rendered":"","protected":false},"excerpt":{"rendered":"<p>Vackert svart soffbord med bordsskiva av \u00e5tervunnen tr\u00e4 som har en h\u00e4rlig patina.<\/p>\n<p>Dimensioner: Djup 85 cm, Bredd 85 cm,\u00a0H\u00f6jd 53 cm.<\/p>\n<p>En unik m\u00f6bel till ditt hem<br \/>\nBaazar tillverkar och renoverar m\u00f6bler varsamt f\u00f6r hand enligt tusen\u00e5riga traditioner. Alla m\u00f6bler tillverkas helt utav tr\u00e4. <a href=\"https:\/\/www.baazar.se\/sv\/baazars-mobelverkstad\/\">L\u00e4s mer om v\u00e5r produktion h\u00e4r&#8230;<\/a><\/p>\n","protected":false},"featured_media":31333,"template":"","meta":[],"product_brand":[],"product_cat":[136,367,356,392,424,359],"product_tag":[164,375,197],"class_list":{"0":"post-16364","1":"product","2":"type-product","3":"status-publish","4":"has-post-thumbnail","6":"product_cat-baazars-favoriter","7":"product_cat-bord","8":"product_cat-rum","9":"product_cat-soffbord","10":"product_cat-supererbjudande","11":"product_cat-vardagsrum","12":"product_tag-soffbord","13":"product_tag-svart","14":"product_tag-trafargad","15":"product_shipping_class-hemleverans-18-21kg-900","16":"tm-has-options","18":"first","19":"instock","20":"sale","21":"featured","22":"taxable","23":"shipping-taxable","24":"purchasable","25":"product-type-simple"},"_links":{"self":[{"href":"https:\/\/www.baazar.se\/sv\/wp-json\/wp\/v2\/product\/16364","targetHints":{"allow":["GET"]}}],"collection":[{"href":"https:\/\/www.baazar.se\/sv\/wp-json\/wp\/v2\/product"}],"about":[{"href":"https:\/\/www.baazar.se\/sv\/wp-json\/wp\/v2\/types\/product"}],"wp:featuredmedia":[{"embeddable":true,"href":"https:\/\/www.baazar.se\/sv\/wp-json\/wp\/v2\/media\/31333"}],"wp:attachment":[{"href":"https:\/\/www.baazar.se\/sv\/wp-json\/wp\/v2\/media?parent=16364"}],"wp:term":[{"taxonomy":"product_brand","embeddable":true,"href":"https:\/\/www.baazar.se\/sv\/wp-json\/wp\/v2\/product_brand?post=16364"},{"taxonomy":"product_cat","embeddable":true,"href":"https:\/\/www.baazar.se\/sv\/wp-json\/wp\/v2\/product_cat?post=16364"},{"taxonomy":"product_tag","embeddable":true,"href":"https:\/\/www.baazar.se\/sv\/wp-json\/wp\/v2\/product_tag?post=16364"}],"curies":[{"name":"wp","href":"https:\/\/api.w.org\/{rel}","templated":true}]}}