{"id":19646,"date":"2024-11-21T19:50:40","date_gmt":"2024-11-21T18:50:40","guid":{"rendered":"https:\/\/www.baazar.se\/sv\/?post_type=product&#038;p=19646"},"modified":"2026-03-16T11:59:05","modified_gmt":"2026-03-16T10:59:05","slug":"bf-045-soffbord-vitt","status":"publish","type":"product","link":"https:\/\/www.baazar.se\/sv\/produkt\/bf-045-soffbord-vitt\/","title":{"rendered":"BF-045 soffbord vitt"},"content":{"rendered":"","protected":false},"excerpt":{"rendered":"<p>Vackert soffbord med white-off bordsskiva av \u00e5tervunnen tr\u00e4 som har en h\u00e4rlig patina.<\/p>\n<p>Dimensioner: Djup 85 cm, Bredd 85 cm,\u00a0H\u00f6jd 53 cm.<\/p>\n<p>En unik m\u00f6bel till ditt hem<br \/>\nBaazar tillverkar och renoverar m\u00f6bler varsamt f\u00f6r hand enligt tusen\u00e5riga traditioner. Alla m\u00f6bler tillverkas helt utav tr\u00e4. <a href=\"https:\/\/www.baazar.se\/sv\/baazars-mobelverkstad\/\">L\u00e4s mer om v\u00e5r produktion h\u00e4r&#8230;<\/a><\/p>\n","protected":false},"featured_media":34936,"template":"","meta":[],"product_brand":[],"product_cat":[136,367,356,392,424,359],"product_tag":[164,197,377],"class_list":{"0":"post-19646","1":"product","2":"type-product","3":"status-publish","4":"has-post-thumbnail","6":"product_cat-baazars-favoriter","7":"product_cat-bord","8":"product_cat-rum","9":"product_cat-soffbord","10":"product_cat-supererbjudande","11":"product_cat-vardagsrum","12":"product_tag-soffbord","13":"product_tag-trafargad","14":"product_tag-vit","15":"product_shipping_class-hemleverans-18-21kg-900","16":"tm-has-options","18":"first","19":"instock","20":"sale","21":"featured","22":"taxable","23":"shipping-taxable","24":"purchasable","25":"product-type-simple"},"_links":{"self":[{"href":"https:\/\/www.baazar.se\/sv\/wp-json\/wp\/v2\/product\/19646","targetHints":{"allow":["GET"]}}],"collection":[{"href":"https:\/\/www.baazar.se\/sv\/wp-json\/wp\/v2\/product"}],"about":[{"href":"https:\/\/www.baazar.se\/sv\/wp-json\/wp\/v2\/types\/product"}],"wp:featuredmedia":[{"embeddable":true,"href":"https:\/\/www.baazar.se\/sv\/wp-json\/wp\/v2\/media\/34936"}],"wp:attachment":[{"href":"https:\/\/www.baazar.se\/sv\/wp-json\/wp\/v2\/media?parent=19646"}],"wp:term":[{"taxonomy":"product_brand","embeddable":true,"href":"https:\/\/www.baazar.se\/sv\/wp-json\/wp\/v2\/product_brand?post=19646"},{"taxonomy":"product_cat","embeddable":true,"href":"https:\/\/www.baazar.se\/sv\/wp-json\/wp\/v2\/product_cat?post=19646"},{"taxonomy":"product_tag","embeddable":true,"href":"https:\/\/www.baazar.se\/sv\/wp-json\/wp\/v2\/product_tag?post=19646"}],"curies":[{"name":"wp","href":"https:\/\/api.w.org\/{rel}","templated":true}]}}