{"id":21019,"date":"2022-04-27T12:09:43","date_gmt":"2022-04-27T10:09:43","guid":{"rendered":"https:\/\/www.baazar.se\/sv\/?post_type=product&#038;p=21019"},"modified":"2025-05-27T20:58:15","modified_gmt":"2025-05-27T18:58:15","slug":"h-362b-soffbord-svart","status":"publish","type":"product","link":"https:\/\/www.baazar.se\/sv\/produkt\/h-362b-soffbord-svart\/","title":{"rendered":"H-362b Soffbord svart med rottinginl\u00e4gg"},"content":{"rendered":"","protected":false},"excerpt":{"rendered":"<p>Soffbord med sp\u00e4nnande kangben och rottinginl\u00e4ggning i bordsskivan vilket inte bara \u00e4r mycket snyggt utan \u00e4ven praktiskt d\u00e5 det \u00e4r mycket t\u00e5ligt f\u00f6r st\u00f6tar. En vacker m\u00f6bel i genuint tr\u00e4 som kommer vara en fantastisk kompanjon under m\u00e5nga \u00e5rtionden fram\u00e5t, det blir finare och finare. Tuff med attityd och harmoni. Storlek: 95 cm brett, 40 cm h\u00f6gt och 155 cm l\u00e5ngt.<\/p>\n<p>En unik m\u00f6bel till ditt hem<br \/>\nBaazar tillverkar och renoverar m\u00f6bler varsamt f\u00f6r hand enligt tusen\u00e5riga traditioner. Alla m\u00f6bler tillverkas helt utav tr\u00e4. <a href=\"https:\/\/www.baazar.se\/sv\/baazars-mobelverkstad\/\">L\u00e4s mer om v\u00e5r produktion h\u00e4r&#8230;<\/a><\/p>\n","protected":false},"featured_media":21337,"template":"","meta":[],"product_brand":[],"product_cat":[367,392],"product_tag":[],"class_list":{"0":"post-21019","1":"product","2":"type-product","3":"status-publish","4":"has-post-thumbnail","6":"product_cat-bord","7":"product_cat-soffbord","8":"product_shipping_class-hemleverans-18-21kg-900","9":"tm-has-options","11":"first","12":"instock","13":"taxable","14":"shipping-taxable","15":"purchasable","16":"product-type-simple"},"_links":{"self":[{"href":"https:\/\/www.baazar.se\/sv\/wp-json\/wp\/v2\/product\/21019","targetHints":{"allow":["GET"]}}],"collection":[{"href":"https:\/\/www.baazar.se\/sv\/wp-json\/wp\/v2\/product"}],"about":[{"href":"https:\/\/www.baazar.se\/sv\/wp-json\/wp\/v2\/types\/product"}],"wp:featuredmedia":[{"embeddable":true,"href":"https:\/\/www.baazar.se\/sv\/wp-json\/wp\/v2\/media\/21337"}],"wp:attachment":[{"href":"https:\/\/www.baazar.se\/sv\/wp-json\/wp\/v2\/media?parent=21019"}],"wp:term":[{"taxonomy":"product_brand","embeddable":true,"href":"https:\/\/www.baazar.se\/sv\/wp-json\/wp\/v2\/product_brand?post=21019"},{"taxonomy":"product_cat","embeddable":true,"href":"https:\/\/www.baazar.se\/sv\/wp-json\/wp\/v2\/product_cat?post=21019"},{"taxonomy":"product_tag","embeddable":true,"href":"https:\/\/www.baazar.se\/sv\/wp-json\/wp\/v2\/product_tag?post=21019"}],"curies":[{"name":"wp","href":"https:\/\/api.w.org\/{rel}","templated":true}]}}