{"id":22907,"date":"2025-12-29T12:29:27","date_gmt":"2025-12-29T11:29:27","guid":{"rendered":"https:\/\/www.baazar.se\/sv\/?post_type=product&#038;p=22907"},"modified":"2026-04-08T10:07:15","modified_gmt":"2026-04-08T08:07:15","slug":"charmigt-vitrinskap-antiksvart-j-026","status":"publish","type":"product","link":"https:\/\/www.baazar.se\/sv\/produkt\/charmigt-vitrinskap-antiksvart-j-026\/","title":{"rendered":"J-026 Charmigt vitrinsk\u00e5p, svart"},"content":{"rendered":"","protected":false},"excerpt":{"rendered":"<p>Charmigt vitrinsk\u00e5p i antiksvart med l\u00e5dor och vacker patinering. Perfekt p\u00e5 m\u00e5nga platser i hemmet, k\u00f6ket badrummet, hallen eller kanske som boksk\u00e5p i vardagsrummet? Dimensioner:\u00a0<span class=\"product_dimensions\">44 x 77 x 155 cm.<\/span><\/p>\n<p>En unik m\u00f6bel till ditt hem!<br \/>\nBaazar tillverkar och renoverar m\u00f6bler varsamt f\u00f6r hand enligt tusen\u00e5riga traditioner. Alla m\u00f6bler tillverkas helt utav tr\u00e4. <a href=\"https:\/\/www.baazar.se\/sv\/baazars-mobelverkstad\/\">L\u00e4s mer om v\u00e5r produktion h\u00e4r\u2026<\/a><\/p>\n","protected":false},"featured_media":29854,"template":"","meta":[],"product_brand":[],"product_cat":[360,358,370,107,357,389,359,371],"product_tag":[380,377,111],"class_list":{"0":"post-22907","1":"product","2":"type-product","3":"status-publish","4":"has-post-thumbnail","6":"product_cat-badrum","7":"product_cat-hall","8":"product_cat-medium_skap","9":"product_cat-skap","10":"product_cat-sovrum","11":"product_cat-stora_skap","12":"product_cat-vardagsrum","13":"product_cat-vitrinskap","14":"product_tag-skap","15":"product_tag-vit","16":"product_tag-vitrinskap","17":"product_shipping_class-hemleverans-18-21kg-900","18":"tm-has-options","20":"first","21":"onbackorder","22":"taxable","23":"shipping-taxable","24":"purchasable","25":"product-type-simple"},"_links":{"self":[{"href":"https:\/\/www.baazar.se\/sv\/wp-json\/wp\/v2\/product\/22907","targetHints":{"allow":["GET"]}}],"collection":[{"href":"https:\/\/www.baazar.se\/sv\/wp-json\/wp\/v2\/product"}],"about":[{"href":"https:\/\/www.baazar.se\/sv\/wp-json\/wp\/v2\/types\/product"}],"wp:featuredmedia":[{"embeddable":true,"href":"https:\/\/www.baazar.se\/sv\/wp-json\/wp\/v2\/media\/29854"}],"wp:attachment":[{"href":"https:\/\/www.baazar.se\/sv\/wp-json\/wp\/v2\/media?parent=22907"}],"wp:term":[{"taxonomy":"product_brand","embeddable":true,"href":"https:\/\/www.baazar.se\/sv\/wp-json\/wp\/v2\/product_brand?post=22907"},{"taxonomy":"product_cat","embeddable":true,"href":"https:\/\/www.baazar.se\/sv\/wp-json\/wp\/v2\/product_cat?post=22907"},{"taxonomy":"product_tag","embeddable":true,"href":"https:\/\/www.baazar.se\/sv\/wp-json\/wp\/v2\/product_tag?post=22907"}],"curies":[{"name":"wp","href":"https:\/\/api.w.org\/{rel}","templated":true}]}}