{"id":24331,"date":"2019-05-24T13:28:02","date_gmt":"2019-05-24T11:28:02","guid":{"rendered":"https:\/\/www.baazar.se\/sv\/?post_type=product&#038;p=24331"},"modified":"2023-04-04T15:45:43","modified_gmt":"2023-04-04T13:45:43","slug":"east-34","status":"publish","type":"product","link":"https:\/\/www.baazar.se\/sv\/produkt\/east-34\/","title":{"rendered":"East-34"},"content":{"rendered":"","protected":false},"excerpt":{"rendered":"<p>Vacker rustik but i metall att placera p\u00e5 bricka eller fat, h\u00e4rlig finish. H\u00f6jd: 27 cm, diameter 37 cm.<\/p>\n","protected":false},"featured_media":24334,"template":"","meta":[],"product_brand":[],"product_cat":[141],"product_tag":[326,320],"class_list":{"0":"post-24331","1":"product","2":"type-product","3":"status-publish","4":"has-post-thumbnail","6":"product_cat-fagelburar-skrin-korgar-lyktor-och-mattor","7":"product_tag-fagelbur","8":"product_tag-inredning","9":"product_shipping_class-hemleverans-10-12kg-299","10":"tm-has-options","12":"first","13":"instock","14":"sale","15":"featured","16":"taxable","17":"shipping-taxable","18":"purchasable","19":"product-type-simple"},"_links":{"self":[{"href":"https:\/\/www.baazar.se\/sv\/wp-json\/wp\/v2\/product\/24331","targetHints":{"allow":["GET"]}}],"collection":[{"href":"https:\/\/www.baazar.se\/sv\/wp-json\/wp\/v2\/product"}],"about":[{"href":"https:\/\/www.baazar.se\/sv\/wp-json\/wp\/v2\/types\/product"}],"wp:featuredmedia":[{"embeddable":true,"href":"https:\/\/www.baazar.se\/sv\/wp-json\/wp\/v2\/media\/24334"}],"wp:attachment":[{"href":"https:\/\/www.baazar.se\/sv\/wp-json\/wp\/v2\/media?parent=24331"}],"wp:term":[{"taxonomy":"product_brand","embeddable":true,"href":"https:\/\/www.baazar.se\/sv\/wp-json\/wp\/v2\/product_brand?post=24331"},{"taxonomy":"product_cat","embeddable":true,"href":"https:\/\/www.baazar.se\/sv\/wp-json\/wp\/v2\/product_cat?post=24331"},{"taxonomy":"product_tag","embeddable":true,"href":"https:\/\/www.baazar.se\/sv\/wp-json\/wp\/v2\/product_tag?post=24331"}],"curies":[{"name":"wp","href":"https:\/\/api.w.org\/{rel}","templated":true}]}}