{"id":25860,"date":"2022-04-03T11:10:01","date_gmt":"2022-04-03T09:10:01","guid":{"rendered":"https:\/\/www.baazar.se\/sv\/?post_type=product&#038;p=25860"},"modified":"2026-03-26T16:03:18","modified_gmt":"2026-03-26T15:03:18","slug":"bh-113-stol","status":"publish","type":"product","link":"https:\/\/www.baazar.se\/sv\/produkt\/bh-113-stol\/","title":{"rendered":"BH-113, stol"},"content":{"rendered":"","protected":false},"excerpt":{"rendered":"<p>Stol av ek med sits i rotting. Fantastisk m\u00f6bel. Dimensioner: <span class=\"product_dimensions\">42 x 44 x 88 cm. Sitsen \u00e4r ca 46 cm h\u00f6g.<br \/>\nS\u00e4ljs endast i par. Priset avser per styck.<\/span><\/p>\n<p>En unik m\u00f6bel till ditt hem<br \/>\nBaazar tillverkar och renoverar m\u00f6bler varsamt f\u00f6r hand enligt tusen\u00e5riga traditioner. Alla m\u00f6bler tillverkas helt utav tr\u00e4. <a href=\"https:\/\/www.baazar.se\/sv\/baazars-mobelverkstad\/\">L\u00e4s mer om v\u00e5r produktion h\u00e4r\u2026<\/a><\/p>\n<p><a href=\"https:\/\/www.baazar.se\/sv\/produkt\/runt-matbord-bh-075-vitt-underrede\/\">Se bordet p\u00e5 bilden h\u00e4r&#8230;<\/a><br \/>\n<a href=\"https:\/\/www.baazar.se\/sv\/produkt\/hylla-g-186-svart-med-lador\/\">Se hyllan p\u00e5 bilden h\u00e4r&#8230;<\/a><\/p>\n<p>Dessa stolar s\u00e4ljs i par.<\/p>\n","protected":false},"featured_media":25872,"template":"","meta":[],"product_brand":[],"product_cat":[358,369,357,393,424,359],"product_tag":[305,190],"class_list":{"0":"post-25860","1":"product","2":"type-product","3":"status-publish","4":"has-post-thumbnail","6":"product_cat-hall","7":"product_cat-sitt-mobler","8":"product_cat-sovrum","9":"product_cat-stolar","10":"product_cat-supererbjudande","11":"product_cat-vardagsrum","12":"product_tag-sittmobel","13":"product_tag-stol","14":"product_shipping_class-hemleverans-18-21kg-900","15":"tm-has-options","17":"first","18":"instock","19":"sale","20":"featured","21":"taxable","22":"shipping-taxable","23":"purchasable","24":"product-type-simple"},"_links":{"self":[{"href":"https:\/\/www.baazar.se\/sv\/wp-json\/wp\/v2\/product\/25860","targetHints":{"allow":["GET"]}}],"collection":[{"href":"https:\/\/www.baazar.se\/sv\/wp-json\/wp\/v2\/product"}],"about":[{"href":"https:\/\/www.baazar.se\/sv\/wp-json\/wp\/v2\/types\/product"}],"wp:featuredmedia":[{"embeddable":true,"href":"https:\/\/www.baazar.se\/sv\/wp-json\/wp\/v2\/media\/25872"}],"wp:attachment":[{"href":"https:\/\/www.baazar.se\/sv\/wp-json\/wp\/v2\/media?parent=25860"}],"wp:term":[{"taxonomy":"product_brand","embeddable":true,"href":"https:\/\/www.baazar.se\/sv\/wp-json\/wp\/v2\/product_brand?post=25860"},{"taxonomy":"product_cat","embeddable":true,"href":"https:\/\/www.baazar.se\/sv\/wp-json\/wp\/v2\/product_cat?post=25860"},{"taxonomy":"product_tag","embeddable":true,"href":"https:\/\/www.baazar.se\/sv\/wp-json\/wp\/v2\/product_tag?post=25860"}],"curies":[{"name":"wp","href":"https:\/\/api.w.org\/{rel}","templated":true}]}}