{"id":25874,"date":"2019-08-10T15:54:59","date_gmt":"2019-08-10T13:54:59","guid":{"rendered":"https:\/\/www.baazar.se\/sv\/?post_type=product&#038;p=25874"},"modified":"2026-03-26T16:11:51","modified_gmt":"2026-03-26T15:11:51","slug":"kangbord-bh-064","status":"publish","type":"product","link":"https:\/\/www.baazar.se\/sv\/produkt\/kangbord-bh-064\/","title":{"rendered":"BH-064 Kangbord"},"content":{"rendered":"","protected":false},"excerpt":{"rendered":"<p>Unika gamla kangbord fr\u00e5n Kina. Borden har renoverats varsamt efter ett l\u00e5ngt och str\u00e4vsamt liv som en klassisk m\u00f6bel p\u00e5 kangen i ett bondehem p\u00e5 landsbygden. Alla bord \u00e4r unika och skiljer sig \u00e5t i storlek och utformning. Dimensioner (ca):Djup<span class=\"product_dimensions\"> 55 cm, Bredd 80 cm, H\u00f6jd 28 cm.<\/span><\/p>\n<p>L\u00e4s mer om kangm\u00f6bler <a href=\"https:\/\/www.baazar.se\/sv\/om-baazar\/kangmobler\/\">h\u00e4r&#8230;<\/a><\/p>\n<p>Se fler kangm\u00f6bler <a href=\"https:\/\/www.baazar.se\/sv\/produkt-kategori\/kang\/\">h\u00e4r&#8230;<\/a><\/p>\n<p>En unik m\u00f6bel till ditt hem<br \/>\nBaazar tillverkar och renoverar m\u00f6bler varsamt f\u00f6r hand enligt tusen\u00e5riga traditioner. Alla m\u00f6bler tillverkas helt utav tr\u00e4. <a href=\"https:\/\/www.baazar.se\/sv\/baazars-mobelverkstad\/\">L\u00e4s mer om v\u00e5r produktion h\u00e4r\u2026<\/a><\/p>\n","protected":false},"featured_media":25877,"template":"","meta":[],"product_brand":[],"product_cat":[136,367,358,395,137,368,392,134,359],"product_tag":[115,149],"class_list":{"0":"post-25874","1":"product","2":"type-product","3":"status-publish","4":"has-post-thumbnail","6":"product_cat-baazars-favoriter","7":"product_cat-bord","8":"product_cat-hall","9":"product_cat-hallmobler","10":"product_cat-kang","11":"product_cat-side-board","12":"product_cat-soffbord","13":"product_cat-tv-bankar","14":"product_cat-vardagsrum","15":"product_tag-bord","16":"product_tag-kang","17":"product_shipping_class-hemleverans-18-21kg-900","18":"tm-has-options","20":"first","21":"onbackorder","22":"taxable","23":"shipping-taxable","24":"purchasable","25":"product-type-simple"},"_links":{"self":[{"href":"https:\/\/www.baazar.se\/sv\/wp-json\/wp\/v2\/product\/25874","targetHints":{"allow":["GET"]}}],"collection":[{"href":"https:\/\/www.baazar.se\/sv\/wp-json\/wp\/v2\/product"}],"about":[{"href":"https:\/\/www.baazar.se\/sv\/wp-json\/wp\/v2\/types\/product"}],"wp:featuredmedia":[{"embeddable":true,"href":"https:\/\/www.baazar.se\/sv\/wp-json\/wp\/v2\/media\/25877"}],"wp:attachment":[{"href":"https:\/\/www.baazar.se\/sv\/wp-json\/wp\/v2\/media?parent=25874"}],"wp:term":[{"taxonomy":"product_brand","embeddable":true,"href":"https:\/\/www.baazar.se\/sv\/wp-json\/wp\/v2\/product_brand?post=25874"},{"taxonomy":"product_cat","embeddable":true,"href":"https:\/\/www.baazar.se\/sv\/wp-json\/wp\/v2\/product_cat?post=25874"},{"taxonomy":"product_tag","embeddable":true,"href":"https:\/\/www.baazar.se\/sv\/wp-json\/wp\/v2\/product_tag?post=25874"}],"curies":[{"name":"wp","href":"https:\/\/api.w.org\/{rel}","templated":true}]}}