{"id":26650,"date":"2025-10-18T14:57:29","date_gmt":"2025-10-18T12:57:29","guid":{"rendered":"https:\/\/www.baazar.se\/sv\/?post_type=product&#038;p=26650"},"modified":"2026-01-12T11:37:17","modified_gmt":"2026-01-12T10:37:17","slug":"mr-048-spegel-med-vackert-arbetad-traram","status":"publish","type":"product","link":"https:\/\/www.baazar.se\/sv\/produkt\/mr-048-spegel-med-vackert-arbetad-traram\/","title":{"rendered":"MR-048 Spegel med vackert arbetad tr\u00e4ram"},"content":{"rendered":"<div class=\"video-shortcode\">\n<blockquote class=\"wp-embedded-content\" data-secret=\"HmuaGLvpzJ\"><p><a href=\"https:\/\/www.baazar.se\/sv\/baazars-mobelverkstad\/\">Baazars m\u00f6belverkstad<\/a><\/p><\/blockquote>\n<p><iframe class=\"wp-embedded-content\" sandbox=\"allow-scripts\" security=\"restricted\" style=\"position: absolute; clip: rect(1px, 1px, 1px, 1px);\" src=\"https:\/\/www.baazar.se\/sv\/baazars-mobelverkstad\/embed\/#?secret=HmuaGLvpzJ\" data-secret=\"HmuaGLvpzJ\" width=\"600\" height=\"338\" title=\"&#8221;Baazars m\u00f6belverkstad&#8221; &#8212; Baazar\" frameborder=\"0\" marginwidth=\"0\" marginheight=\"0\" scrolling=\"no\"><\/iframe><\/div>\n","protected":false},"excerpt":{"rendered":"<p>Spegel med vackert arbetad tr\u00e4ram. En kraftig ram i massivt tr\u00e4. Storlek: 70 cm i diameter, 5 cm tjock.<\/p>\n<p>Pallen heter G-153 <a href=\"https:\/\/www.baazar.se\/sv\/produkt\/klassisk-kinesisk-pall-g-153-svart\/\">och finns h\u00e4r&#8230;<\/a><br \/>\nKangb\u00e4nken heter I-165 <a href=\"https:\/\/www.baazar.se\/sv\/produkt\/kangsideboard-i-165-svart-med-vingar\/\">och finns h\u00e4r..<\/a>.<br \/>\nSideboarden heter G-178 <a href=\"https:\/\/www.baazar.se\/sv\/produkt\/sideboard-g-178\/\">och finns h\u00e4r&#8230;<\/a><\/p>\n<p>En unik m\u00f6bel till ditt hem!<br \/>\nBaazar tillverkar och renoverar m\u00f6bler varsamt f\u00f6r hand enligt tusen\u00e5riga traditioner. Alla m\u00f6bler tillverkas helt utav tr\u00e4. <a href=\"https:\/\/www.baazar.se\/sv\/baazars-mobelverkstad\/\">L\u00e4s mer om v\u00e5r produktion h\u00e4r\u2026<\/a><\/p>\n","protected":false},"featured_media":29849,"template":"","meta":[],"product_brand":[],"product_cat":[360,358,395,362,357,391,359],"product_tag":[],"class_list":{"0":"post-26650","1":"product","2":"type-product","3":"status-publish","4":"has-post-thumbnail","6":"product_cat-badrum","7":"product_cat-hall","8":"product_cat-hallmobler","9":"product_cat-inredning","10":"product_cat-sovrum","11":"product_cat-speglar-och-sten","12":"product_cat-vardagsrum","13":"product_shipping_class-hemleverans-18-21kg-900","14":"tm-has-options","16":"first","17":"instock","18":"sale","19":"featured","20":"taxable","21":"shipping-taxable","22":"purchasable","23":"product-type-simple"},"_links":{"self":[{"href":"https:\/\/www.baazar.se\/sv\/wp-json\/wp\/v2\/product\/26650","targetHints":{"allow":["GET"]}}],"collection":[{"href":"https:\/\/www.baazar.se\/sv\/wp-json\/wp\/v2\/product"}],"about":[{"href":"https:\/\/www.baazar.se\/sv\/wp-json\/wp\/v2\/types\/product"}],"wp:featuredmedia":[{"embeddable":true,"href":"https:\/\/www.baazar.se\/sv\/wp-json\/wp\/v2\/media\/29849"}],"wp:attachment":[{"href":"https:\/\/www.baazar.se\/sv\/wp-json\/wp\/v2\/media?parent=26650"}],"wp:term":[{"taxonomy":"product_brand","embeddable":true,"href":"https:\/\/www.baazar.se\/sv\/wp-json\/wp\/v2\/product_brand?post=26650"},{"taxonomy":"product_cat","embeddable":true,"href":"https:\/\/www.baazar.se\/sv\/wp-json\/wp\/v2\/product_cat?post=26650"},{"taxonomy":"product_tag","embeddable":true,"href":"https:\/\/www.baazar.se\/sv\/wp-json\/wp\/v2\/product_tag?post=26650"}],"curies":[{"name":"wp","href":"https:\/\/api.w.org\/{rel}","templated":true}]}}