{"id":2752,"date":"2022-09-22T14:18:13","date_gmt":"2022-09-22T12:18:13","guid":{"rendered":"http:\/\/www.baazar.se\/sv\/?post_type=product&#038;p=2752"},"modified":"2026-03-16T12:56:20","modified_gmt":"2026-03-16T11:56:20","slug":"vitrinskap-b-96vit-med-dubbla-dorrar","status":"publish","type":"product","link":"https:\/\/www.baazar.se\/sv\/produkt\/vitrinskap-b-96vit-med-dubbla-dorrar\/","title":{"rendered":"B-96 Vitrinsk\u00e5p, vit med dubbla d\u00f6rrar"},"content":{"rendered":"<p><!--more--><\/p>\n","protected":false},"excerpt":{"rendered":"<p>Fantastiskt vitrinsk\u00e5p med dubbla d\u00f6rrar och l\u00e5dor nedtill med trendig shabby chick k\u00e4nsla.<br \/>\nPopul\u00e4r m\u00f6bel som oftast s\u00e4ljer slut innan den hinner in p\u00e5 lager. Denna m\u00f6bel \u00e4r tillverkat f\u00f6r hand av duktiga m\u00f6belsnickare med bra arbetsvillkor p\u00e5 Baazars m\u00f6belverkstad i Kina som drivs av v\u00e5r partner.<\/p>\n<p>M\u00f6beln \u00e4r tillverkad av utvalt gediget tr\u00e4 (kinesisk gran) och <a href=\"https:\/\/sv.wikipedia.org\/wiki\/Plywood\">kryssfaner<\/a> (plywood). Baazars m\u00f6bler tillverkas enligt hundratals \u00e5rs gamla traditioner. Det ger m\u00f6beln en gedigen kvalitetsk\u00e4nsla och g\u00f6r att den med r\u00e4tt underh\u00e5ll h\u00e5ller i generationer. L\u00e4s om m\u00f6beln hos House of Philia <a href=\"http:\/\/houseofphilia.elsasentourage.se\/2011\/06\/06\/den-sjatte-juni-idag\/\">h\u00e4r<\/a> och <a href=\"http:\/\/houseofphilia.elsasentourage.se\/2011\/08\/12\/happy-friday\/\">h\u00e4r <\/a><\/p>\n<p>Alla v\u00e5ra m\u00f6bler levereras f\u00e4rdigmonterade p\u00e5 en lastpall till din port\/g\u00e5rd eller h\u00e4mtas p\u00e5 v\u00e5rt lager i <a href=\"https:\/\/sv.wikipedia.org\/wiki\/S%C3%A4vsj%C3%B6\">S\u00e4vsj\u00f6<\/a>.<\/p>\n<p>Dimensioner: <span class=\"product_dimensions\">45 x 100 x 175 cm.<\/span><\/p>\n<p>En unik m\u00f6bel till ditt hem<br \/>\nBaazar tillverkar och renoverar m\u00f6bler varsamt f\u00f6r hand enligt tusen\u00e5riga traditioner. Alla m\u00f6bler tillverkas helt utav tr\u00e4. <a href=\"https:\/\/www.baazar.se\/sv\/baazars-mobelverkstad\/\">L\u00e4s mer om v\u00e5r produktion h\u00e4r\u2026<\/a><\/p>\n","protected":false},"featured_media":9929,"template":"","meta":[],"product_brand":[],"product_cat":[136,360,389,359,371],"product_tag":[110,377,111],"class_list":{"0":"post-2752","1":"product","2":"type-product","3":"status-publish","4":"has-post-thumbnail","6":"product_cat-baazars-favoriter","7":"product_cat-badrum","8":"product_cat-stora_skap","9":"product_cat-vardagsrum","10":"product_cat-vitrinskap","11":"product_tag-dubbla-dorrar","12":"product_tag-vit","13":"product_tag-vitrinskap","14":"product_shipping_class-hemleverans-18-21kg-900","15":"tm-has-options","17":"first","18":"onbackorder","19":"taxable","20":"shipping-taxable","21":"purchasable","22":"product-type-simple"},"_links":{"self":[{"href":"https:\/\/www.baazar.se\/sv\/wp-json\/wp\/v2\/product\/2752","targetHints":{"allow":["GET"]}}],"collection":[{"href":"https:\/\/www.baazar.se\/sv\/wp-json\/wp\/v2\/product"}],"about":[{"href":"https:\/\/www.baazar.se\/sv\/wp-json\/wp\/v2\/types\/product"}],"wp:featuredmedia":[{"embeddable":true,"href":"https:\/\/www.baazar.se\/sv\/wp-json\/wp\/v2\/media\/9929"}],"wp:attachment":[{"href":"https:\/\/www.baazar.se\/sv\/wp-json\/wp\/v2\/media?parent=2752"}],"wp:term":[{"taxonomy":"product_brand","embeddable":true,"href":"https:\/\/www.baazar.se\/sv\/wp-json\/wp\/v2\/product_brand?post=2752"},{"taxonomy":"product_cat","embeddable":true,"href":"https:\/\/www.baazar.se\/sv\/wp-json\/wp\/v2\/product_cat?post=2752"},{"taxonomy":"product_tag","embeddable":true,"href":"https:\/\/www.baazar.se\/sv\/wp-json\/wp\/v2\/product_tag?post=2752"}],"curies":[{"name":"wp","href":"https:\/\/api.w.org\/{rel}","templated":true}]}}