{"id":2771,"date":"2026-03-02T14:32:30","date_gmt":"2026-03-02T13:32:30","guid":{"rendered":"http:\/\/www.baazar.se\/sv\/?post_type=product&#038;p=2771"},"modified":"2026-03-26T14:46:27","modified_gmt":"2026-03-26T13:46:27","slug":"litet-skapsangbord-a-10","status":"publish","type":"product","link":"https:\/\/www.baazar.se\/sv\/produkt\/litet-skapsangbord-a-10\/","title":{"rendered":"A-10 vit s\u00e4ngsk\u00e5p med l\u00e5dor"},"content":{"rendered":"","protected":false},"excerpt":{"rendered":"<p><span style=\"color: #000000;\">Litet sk\u00e5p som passar utm\u00e4rkt till s\u00e4ngsk\u00e5p.\u00a0<\/span><br style=\"color: #000000;\" \/><span style=\"color: #000000;\">Popul\u00e4r m\u00f6bel som oftast s\u00e4ljer slut innan den hinner in p\u00e5 lager. Dimensioner:\u00a0 Djup: <span class=\"product_dimensions\">35 cm, Bredd: 40 cm, H\u00f6jd: 60 cm.<\/span><\/span><\/p>\n<p>En unik m\u00f6bel till ditt hem<br \/>\nBaazar tillverkar och renoverar m\u00f6bler varsamt f\u00f6r hand enligt tusen\u00e5riga traditioner. Alla m\u00f6bler tillverkas helt utav tr\u00e4. <a href=\"https:\/\/www.baazar.se\/sv\/baazars-mobelverkstad\/\">L\u00e4s mer om v\u00e5r produktion h\u00e4r\u2026<\/a><\/p>\n","protected":false},"featured_media":13925,"template":"","meta":[],"product_brand":[],"product_cat":[136,360,358,394,108,357,359],"product_tag":[119,380,352,377],"class_list":{"0":"post-2771","1":"product","2":"type-product","3":"status-publish","4":"has-post-thumbnail","6":"product_cat-baazars-favoriter","7":"product_cat-badrum","8":"product_cat-hall","9":"product_cat-sangskap","10":"product_cat-sma","11":"product_cat-sovrum","12":"product_cat-vardagsrum","13":"product_tag-sangbord","14":"product_tag-skap","15":"product_tag-sovrum","16":"product_tag-vit","17":"product_shipping_class-hemleverans-13-15kg-499kr","18":"pa_color-svart","19":"pa_color-vit","20":"tm-has-options","22":"first","23":"instock","24":"sale","25":"featured","26":"taxable","27":"shipping-taxable","28":"purchasable","29":"product-type-simple"},"_links":{"self":[{"href":"https:\/\/www.baazar.se\/sv\/wp-json\/wp\/v2\/product\/2771","targetHints":{"allow":["GET"]}}],"collection":[{"href":"https:\/\/www.baazar.se\/sv\/wp-json\/wp\/v2\/product"}],"about":[{"href":"https:\/\/www.baazar.se\/sv\/wp-json\/wp\/v2\/types\/product"}],"wp:featuredmedia":[{"embeddable":true,"href":"https:\/\/www.baazar.se\/sv\/wp-json\/wp\/v2\/media\/13925"}],"wp:attachment":[{"href":"https:\/\/www.baazar.se\/sv\/wp-json\/wp\/v2\/media?parent=2771"}],"wp:term":[{"taxonomy":"product_brand","embeddable":true,"href":"https:\/\/www.baazar.se\/sv\/wp-json\/wp\/v2\/product_brand?post=2771"},{"taxonomy":"product_cat","embeddable":true,"href":"https:\/\/www.baazar.se\/sv\/wp-json\/wp\/v2\/product_cat?post=2771"},{"taxonomy":"product_tag","embeddable":true,"href":"https:\/\/www.baazar.se\/sv\/wp-json\/wp\/v2\/product_tag?post=2771"}],"curies":[{"name":"wp","href":"https:\/\/api.w.org\/{rel}","templated":true}]}}