{"id":28469,"date":"2023-06-13T11:00:04","date_gmt":"2023-06-13T09:00:04","guid":{"rendered":"https:\/\/www.baazar.se\/sv\/?post_type=product&#038;p=28469"},"modified":"2026-03-31T06:35:44","modified_gmt":"2026-03-31T04:35:44","slug":"matbord-bh-075-svart","status":"publish","type":"product","link":"https:\/\/www.baazar.se\/sv\/produkt\/matbord-bh-075-svart\/","title":{"rendered":"BH-075 Matbord, svart"},"content":{"rendered":"","protected":false},"excerpt":{"rendered":"<p style=\"text-align: left;\">Mycket vackert nytillverkat runt bord gjort av \u00e5teranv\u00e4nt tr\u00e4 med svart underrede och grov tr\u00e4f\u00e4rgad bordsskiva.<\/p>\n<p>Dimensioner: Djup 140 cm, Bredd 140 cm,\u00a0H\u00f6jd 77 cm.<\/p>\n<p>Bord av \u00e5tervunnet tr\u00e4. Ytan \u00e4r behandlad med h\u00e5rdvaxolja och har ett bra skydd. Vill man ha ett \u00e4nnu b\u00e4ttre skydd kan man behandla det ytterligare med h\u00e5rdvaxolja. D\u00e5 skivan \u00e4r av \u00e5tervunnet tr\u00e4 s\u00e5 har den naturliga m\u00e4rken och oj\u00e4mnheter som h\u00f6r till den unika stilen. Vid fl\u00e4ckbildning kan man slipa skivan l\u00e4tt och behandla med h\u00e5rdvaxolja. Regelbunden behandling av h\u00e5rdvaxolja motverkar \u00e4ven sprickbildning, man ska d\u00e4rf\u00f6r behandla m\u00f6beln regelbundet med h\u00e5rdvaxolja. Tr\u00e4 \u00e4r ett levande material som p\u00e5verkas av temperatur och luftfuktighet beroende p\u00e5 m\u00f6belns placering. Reklamationer av sprickor accepteras ej.<\/p>\n<p><a href=\"https:\/\/www.baazar.se\/sv\/produkt\/runt-matbord-bh-075-vitt-underrede\/\">Finns \u00e4ven i vitt, se h\u00e4r&#8230;<\/a><\/p>\n<p>En unik m\u00f6bel till ditt hem<br \/>\nBaazar tillverkar och renoverar m\u00f6bler varsamt f\u00f6r hand enligt tusen\u00e5riga traditioner. Alla m\u00f6bler tillverkas helt utav tr\u00e4. <a href=\"https:\/\/www.baazar.se\/sv\/baazars-mobelverkstad\/\">L\u00e4s mer om v\u00e5r produktion h\u00e4r\u2026<\/a><\/p>\n<p><a href=\"https:\/\/www.baazar.se\/sv\/produkt\/bh-113-stol\/\">Se de bruna stolarna p\u00e5 bilden h\u00e4r&#8230;<\/a><\/p>\n<p><a href=\"https:\/\/www.baazar.se\/sv\/produkt\/033-shabby-black\/\">Se de svarta stolarna p\u00e5 bilden h\u00e4r&#8230;<\/a><br \/>\n<a href=\"https:\/\/www.baazar.se\/sv\/produkt\/vackert-renoverat-vintageskap-bh-034\/\">Se sk\u00e5pet p\u00e5 bilden h\u00e4r&#8230;<\/a><\/p>\n","protected":false},"featured_media":31336,"template":"","meta":[],"product_brand":[],"product_cat":[136,367,412,359],"product_tag":[115,375],"class_list":{"0":"post-28469","1":"product","2":"type-product","3":"status-publish","4":"has-post-thumbnail","6":"product_cat-baazars-favoriter","7":"product_cat-bord","8":"product_cat-matsalsbord","9":"product_cat-vardagsrum","10":"product_tag-bord","11":"product_tag-svart","12":"product_shipping_class-hemleverans-matbord","13":"tm-has-options","15":"first","16":"instock","17":"sale","18":"featured","19":"taxable","20":"shipping-taxable","21":"purchasable","22":"product-type-simple"},"_links":{"self":[{"href":"https:\/\/www.baazar.se\/sv\/wp-json\/wp\/v2\/product\/28469","targetHints":{"allow":["GET"]}}],"collection":[{"href":"https:\/\/www.baazar.se\/sv\/wp-json\/wp\/v2\/product"}],"about":[{"href":"https:\/\/www.baazar.se\/sv\/wp-json\/wp\/v2\/types\/product"}],"wp:featuredmedia":[{"embeddable":true,"href":"https:\/\/www.baazar.se\/sv\/wp-json\/wp\/v2\/media\/31336"}],"wp:attachment":[{"href":"https:\/\/www.baazar.se\/sv\/wp-json\/wp\/v2\/media?parent=28469"}],"wp:term":[{"taxonomy":"product_brand","embeddable":true,"href":"https:\/\/www.baazar.se\/sv\/wp-json\/wp\/v2\/product_brand?post=28469"},{"taxonomy":"product_cat","embeddable":true,"href":"https:\/\/www.baazar.se\/sv\/wp-json\/wp\/v2\/product_cat?post=28469"},{"taxonomy":"product_tag","embeddable":true,"href":"https:\/\/www.baazar.se\/sv\/wp-json\/wp\/v2\/product_tag?post=28469"}],"curies":[{"name":"wp","href":"https:\/\/api.w.org\/{rel}","templated":true}]}}