{"id":29400,"date":"2020-04-09T15:05:31","date_gmt":"2020-04-09T13:05:31","guid":{"rendered":"https:\/\/www.baazar.se\/sv\/?post_type=product&#038;p=29400"},"modified":"2023-04-04T15:45:34","modified_gmt":"2023-04-04T13:45:34","slug":"a-101-semi-antik-kinesisk-resvaska","status":"publish","type":"product","link":"https:\/\/www.baazar.se\/sv\/produkt\/a-101-semi-antik-kinesisk-resvaska\/","title":{"rendered":"A-101 semiantik kinesisk resv\u00e4ska"},"content":{"rendered":"","protected":false},"excerpt":{"rendered":"<p>Vacker semiantik kinesisk resv\u00e4ska i tr\u00e4 som kl\u00e4tts i rotting. Eftersom de \u00e4r gamla s\u00e5 skiljer alla sig \u00e5r n\u00e5got i utformning, f\u00e4rgnyans och storlek. Detta \u00e4r en helt unik produkt. Dimensioner (ca): Djup 41<span class=\"product_dimensions\">, Bred 66, H\u00f6g 22 cm.<\/span><\/p>\n<p>En unik m\u00f6bel till ditt hem<br \/>\nBaazar tillverkar och renoverar m\u00f6bler varsamt f\u00f6r hand enligt tusen\u00e5riga traditioner. Alla m\u00f6bler tillverkas helt utav tr\u00e4. <a href=\"https:\/\/www.baazar.se\/sv\/baazars-mobelverkstad\/\">L\u00e4s mer om v\u00e5r produktion h\u00e4r\u2026<\/a><\/p>\n","protected":false},"featured_media":29405,"template":"","meta":[],"product_brand":[],"product_cat":[136,141,132],"product_tag":[179,199,320,197],"class_list":{"0":"post-29400","1":"product","2":"type-product","3":"status-publish","4":"has-post-thumbnail","6":"product_cat-baazars-favoriter","7":"product_cat-fagelburar-skrin-korgar-lyktor-och-mattor","8":"product_cat-kistor","9":"product_tag-gammal","10":"product_tag-gammalt","11":"product_tag-inredning","12":"product_tag-trafargad","13":"product_shipping_class-hemleverans-13-15kg-499kr","14":"tm-has-options","16":"first","17":"instock","18":"sale","19":"featured","20":"taxable","21":"shipping-taxable","22":"purchasable","23":"product-type-simple"},"_links":{"self":[{"href":"https:\/\/www.baazar.se\/sv\/wp-json\/wp\/v2\/product\/29400","targetHints":{"allow":["GET"]}}],"collection":[{"href":"https:\/\/www.baazar.se\/sv\/wp-json\/wp\/v2\/product"}],"about":[{"href":"https:\/\/www.baazar.se\/sv\/wp-json\/wp\/v2\/types\/product"}],"wp:featuredmedia":[{"embeddable":true,"href":"https:\/\/www.baazar.se\/sv\/wp-json\/wp\/v2\/media\/29405"}],"wp:attachment":[{"href":"https:\/\/www.baazar.se\/sv\/wp-json\/wp\/v2\/media?parent=29400"}],"wp:term":[{"taxonomy":"product_brand","embeddable":true,"href":"https:\/\/www.baazar.se\/sv\/wp-json\/wp\/v2\/product_brand?post=29400"},{"taxonomy":"product_cat","embeddable":true,"href":"https:\/\/www.baazar.se\/sv\/wp-json\/wp\/v2\/product_cat?post=29400"},{"taxonomy":"product_tag","embeddable":true,"href":"https:\/\/www.baazar.se\/sv\/wp-json\/wp\/v2\/product_tag?post=29400"}],"curies":[{"name":"wp","href":"https:\/\/api.w.org\/{rel}","templated":true}]}}