{"id":29430,"date":"2010-04-09T16:53:18","date_gmt":"2010-04-09T14:53:18","guid":{"rendered":"https:\/\/www.baazar.se\/sv\/?post_type=product&#038;p=29430"},"modified":"2026-03-26T14:44:24","modified_gmt":"2026-03-26T13:44:24","slug":"east-37-stol-av-metall","status":"publish","type":"product","link":"https:\/\/www.baazar.se\/sv\/produkt\/east-37-stol-av-metall\/","title":{"rendered":"East 37 stol av \u00e5tervunnen pl\u00e5t"},"content":{"rendered":"","protected":false},"excerpt":{"rendered":"<p>Tuff stol med industrik\u00e4nsla av \u00e5tervunnen pl\u00e5t. Storlek: 43 cm bred, 50 cm djup och 82 cm h\u00f6g.<\/p>\n","protected":false},"featured_media":29433,"template":"","meta":[],"product_brand":[],"product_cat":[409,358,395,369,357,393,359],"product_tag":[354,320,305,190],"class_list":{"0":"post-29430","1":"product","2":"type-product","3":"status-publish","4":"has-post-thumbnail","6":"product_cat-east","7":"product_cat-hall","8":"product_cat-hallmobler","9":"product_cat-sitt-mobler","10":"product_cat-sovrum","11":"product_cat-stolar","12":"product_cat-vardagsrum","13":"product_tag-hall","14":"product_tag-inredning","15":"product_tag-sittmobel","16":"product_tag-stol","17":"tm-has-options","19":"first","20":"instock","21":"sale","22":"featured","23":"taxable","24":"shipping-taxable","25":"purchasable","26":"product-type-simple"},"_links":{"self":[{"href":"https:\/\/www.baazar.se\/sv\/wp-json\/wp\/v2\/product\/29430","targetHints":{"allow":["GET"]}}],"collection":[{"href":"https:\/\/www.baazar.se\/sv\/wp-json\/wp\/v2\/product"}],"about":[{"href":"https:\/\/www.baazar.se\/sv\/wp-json\/wp\/v2\/types\/product"}],"wp:featuredmedia":[{"embeddable":true,"href":"https:\/\/www.baazar.se\/sv\/wp-json\/wp\/v2\/media\/29433"}],"wp:attachment":[{"href":"https:\/\/www.baazar.se\/sv\/wp-json\/wp\/v2\/media?parent=29430"}],"wp:term":[{"taxonomy":"product_brand","embeddable":true,"href":"https:\/\/www.baazar.se\/sv\/wp-json\/wp\/v2\/product_brand?post=29430"},{"taxonomy":"product_cat","embeddable":true,"href":"https:\/\/www.baazar.se\/sv\/wp-json\/wp\/v2\/product_cat?post=29430"},{"taxonomy":"product_tag","embeddable":true,"href":"https:\/\/www.baazar.se\/sv\/wp-json\/wp\/v2\/product_tag?post=29430"}],"curies":[{"name":"wp","href":"https:\/\/api.w.org\/{rel}","templated":true}]}}