{"id":2945,"date":"2025-12-10T11:48:58","date_gmt":"2025-12-10T10:48:58","guid":{"rendered":"http:\/\/www.baazar.se\/sv\/?post_type=product&#038;p=2945"},"modified":"2026-03-26T15:44:51","modified_gmt":"2026-03-26T14:44:51","slug":"tv-bank-for-platt-skarm-tvbe02-svart","status":"publish","type":"product","link":"https:\/\/www.baazar.se\/sv\/produkt\/tv-bank-for-platt-skarm-tvbe02-svart\/","title":{"rendered":"TVBE-02 mediab\u00e4nk, sideboard, svart"},"content":{"rendered":"<blockquote><p>&nbsp;<\/p><\/blockquote>\n","protected":false},"excerpt":{"rendered":"<p><span style=\"color: #000000;\">Mediaf\u00f6rvaring med m\u00f6jlighet att skjuta in luckorna i sk\u00e5pet. Innerm\u00e5tt i sk\u00e5pet bredd 63 cm och h\u00f6jd 31 cm.\u00a0Dimensioner: djup\u00a0<span class=\"product_dimensions\">48 x bredd 190 x h\u00f6jd 50 cm.<\/span><\/span><\/p>\n<p>En unik m\u00f6bel till ditt hem<br \/>\nBaazar tillverkar och renoverar m\u00f6bler varsamt f\u00f6r hand enligt tusen\u00e5riga traditioner. Alla m\u00f6bler tillverkas helt utav tr\u00e4. <a href=\"https:\/\/www.baazar.se\/sv\/baazars-mobelverkstad\/\">L\u00e4s mer om v\u00e5r produktion h\u00e4r\u2026<\/a><\/p>\n","protected":false},"featured_media":21102,"template":"","meta":[],"product_brand":[],"product_cat":[136,368,357,424,134,359],"product_tag":[375,187,353],"class_list":{"0":"post-2945","1":"product","2":"type-product","3":"status-publish","4":"has-post-thumbnail","6":"product_cat-baazars-favoriter","7":"product_cat-side-board","8":"product_cat-sovrum","9":"product_cat-supererbjudande","10":"product_cat-tv-bankar","11":"product_cat-vardagsrum","12":"product_tag-svart","13":"product_tag-tv-bank","14":"product_tag-vardagsrum","15":"product_shipping_class-hemleverans-18-21kg-900","16":"tm-has-options","18":"first","19":"instock","20":"sale","21":"featured","22":"taxable","23":"shipping-taxable","24":"purchasable","25":"product-type-simple"},"_links":{"self":[{"href":"https:\/\/www.baazar.se\/sv\/wp-json\/wp\/v2\/product\/2945","targetHints":{"allow":["GET"]}}],"collection":[{"href":"https:\/\/www.baazar.se\/sv\/wp-json\/wp\/v2\/product"}],"about":[{"href":"https:\/\/www.baazar.se\/sv\/wp-json\/wp\/v2\/types\/product"}],"wp:featuredmedia":[{"embeddable":true,"href":"https:\/\/www.baazar.se\/sv\/wp-json\/wp\/v2\/media\/21102"}],"wp:attachment":[{"href":"https:\/\/www.baazar.se\/sv\/wp-json\/wp\/v2\/media?parent=2945"}],"wp:term":[{"taxonomy":"product_brand","embeddable":true,"href":"https:\/\/www.baazar.se\/sv\/wp-json\/wp\/v2\/product_brand?post=2945"},{"taxonomy":"product_cat","embeddable":true,"href":"https:\/\/www.baazar.se\/sv\/wp-json\/wp\/v2\/product_cat?post=2945"},{"taxonomy":"product_tag","embeddable":true,"href":"https:\/\/www.baazar.se\/sv\/wp-json\/wp\/v2\/product_tag?post=2945"}],"curies":[{"name":"wp","href":"https:\/\/api.w.org\/{rel}","templated":true}]}}