{"id":2957,"date":"2014-08-13T16:50:00","date_gmt":"2014-08-13T14:50:00","guid":{"rendered":"http:\/\/www.baazar.se\/sv\/?post_type=product&#038;p=2957"},"modified":"2023-04-04T15:45:54","modified_gmt":"2023-04-04T13:45:54","slug":"barnstol-med-hjul-mqat-1224","status":"publish","type":"product","link":"https:\/\/www.baazar.se\/sv\/produkt\/barnstol-med-hjul-mqat-1224\/","title":{"rendered":"MQAT-1224 Barnstol med hjul"},"content":{"rendered":"","protected":false},"excerpt":{"rendered":"<p>Barnstol i tr\u00e4 med hjul.\u00a0Dimensioner:\u00a0<span class=\"product_dimensions\">60 x 37 x 68 cm.<\/p>\n<p>En unik m\u00f6bel till ditt hem<br \/>\nBaazar tillverkar och renoverar m\u00f6bler varsamt f\u00f6r hand enligt tusen\u00e5riga traditioner. Alla m\u00f6bler tillverkas helt utav tr\u00e4. <a href=\"https:\/\/www.baazar.se\/sv\/baazars-mobelverkstad\/\">L\u00e4s mer om v\u00e5r produktion h\u00e4r\u2026<\/a><\/span><\/p>\n","protected":false},"featured_media":6042,"template":"","meta":[],"product_brand":[],"product_cat":[369,393,359],"product_tag":[157],"class_list":{"0":"post-2957","1":"product","2":"type-product","3":"status-publish","4":"has-post-thumbnail","6":"product_cat-sitt-mobler","7":"product_cat-stolar","8":"product_cat-vardagsrum","9":"product_tag-barnstol","10":"product_shipping_class-hemleverans-18-21kg-900","11":"tm-has-options","13":"first","14":"instock","15":"sale","16":"featured","17":"taxable","18":"shipping-taxable","19":"purchasable","20":"product-type-simple"},"_links":{"self":[{"href":"https:\/\/www.baazar.se\/sv\/wp-json\/wp\/v2\/product\/2957","targetHints":{"allow":["GET"]}}],"collection":[{"href":"https:\/\/www.baazar.se\/sv\/wp-json\/wp\/v2\/product"}],"about":[{"href":"https:\/\/www.baazar.se\/sv\/wp-json\/wp\/v2\/types\/product"}],"wp:featuredmedia":[{"embeddable":true,"href":"https:\/\/www.baazar.se\/sv\/wp-json\/wp\/v2\/media\/6042"}],"wp:attachment":[{"href":"https:\/\/www.baazar.se\/sv\/wp-json\/wp\/v2\/media?parent=2957"}],"wp:term":[{"taxonomy":"product_brand","embeddable":true,"href":"https:\/\/www.baazar.se\/sv\/wp-json\/wp\/v2\/product_brand?post=2957"},{"taxonomy":"product_cat","embeddable":true,"href":"https:\/\/www.baazar.se\/sv\/wp-json\/wp\/v2\/product_cat?post=2957"},{"taxonomy":"product_tag","embeddable":true,"href":"https:\/\/www.baazar.se\/sv\/wp-json\/wp\/v2\/product_tag?post=2957"}],"curies":[{"name":"wp","href":"https:\/\/api.w.org\/{rel}","templated":true}]}}