{"id":2964,"date":"2026-02-13T18:43:24","date_gmt":"2026-02-13T17:43:24","guid":{"rendered":"http:\/\/www.baazar.se\/sv\/?post_type=product&#038;p=2964"},"modified":"2026-03-26T16:17:16","modified_gmt":"2026-03-26T15:17:16","slug":"byra-d-093-svart-med-fem-lador","status":"publish","type":"product","link":"https:\/\/www.baazar.se\/sv\/produkt\/byra-d-093-svart-med-fem-lador\/","title":{"rendered":"D-093 Byr\u00e5, svart med fem l\u00e5dor"},"content":{"rendered":"","protected":false},"excerpt":{"rendered":"<p>Vacker och rymlig byr\u00e5 med m\u00e5nga l\u00e5dor.\u00a0Dimensioner:\u00a0<span class=\"product_dimensions\">45 x 58 x 114 cm.<\/span><\/p>\n<p>En unik m\u00f6bel till ditt hem<br \/>\nBaazar tillverkar och renoverar m\u00f6bler varsamt f\u00f6r hand enligt tusen\u00e5riga traditioner. Alla m\u00f6bler tillverkas helt utav tr\u00e4. <a href=\"https:\/\/www.baazar.se\/sv\/baazars-mobelverkstad\/\">L\u00e4s mer om v\u00e5r produktion h\u00e4r\u2026<\/a><\/p>\n","protected":false},"featured_media":34003,"template":"","meta":[],"product_brand":[],"product_cat":[360,130,358,395,357,359],"product_tag":[166,380,375],"class_list":{"0":"post-2964","1":"product","2":"type-product","3":"status-publish","4":"has-post-thumbnail","6":"product_cat-badrum","7":"product_cat-byra","8":"product_cat-hall","9":"product_cat-hallmobler","10":"product_cat-sovrum","11":"product_cat-vardagsrum","12":"product_tag-byra","13":"product_tag-skap","14":"product_tag-svart","15":"product_shipping_class-hemleverans-16-18kg-699","16":"tm-has-options","18":"first","19":"instock","20":"sale","21":"featured","22":"taxable","23":"shipping-taxable","24":"purchasable","25":"product-type-simple"},"_links":{"self":[{"href":"https:\/\/www.baazar.se\/sv\/wp-json\/wp\/v2\/product\/2964","targetHints":{"allow":["GET"]}}],"collection":[{"href":"https:\/\/www.baazar.se\/sv\/wp-json\/wp\/v2\/product"}],"about":[{"href":"https:\/\/www.baazar.se\/sv\/wp-json\/wp\/v2\/types\/product"}],"wp:featuredmedia":[{"embeddable":true,"href":"https:\/\/www.baazar.se\/sv\/wp-json\/wp\/v2\/media\/34003"}],"wp:attachment":[{"href":"https:\/\/www.baazar.se\/sv\/wp-json\/wp\/v2\/media?parent=2964"}],"wp:term":[{"taxonomy":"product_brand","embeddable":true,"href":"https:\/\/www.baazar.se\/sv\/wp-json\/wp\/v2\/product_brand?post=2964"},{"taxonomy":"product_cat","embeddable":true,"href":"https:\/\/www.baazar.se\/sv\/wp-json\/wp\/v2\/product_cat?post=2964"},{"taxonomy":"product_tag","embeddable":true,"href":"https:\/\/www.baazar.se\/sv\/wp-json\/wp\/v2\/product_tag?post=2964"}],"curies":[{"name":"wp","href":"https:\/\/api.w.org\/{rel}","templated":true}]}}