{"id":2967,"date":"2026-01-01T18:58:13","date_gmt":"2026-01-01T17:58:13","guid":{"rendered":"http:\/\/www.baazar.se\/sv\/?post_type=product&#038;p=2967"},"modified":"2026-03-16T12:11:07","modified_gmt":"2026-03-16T11:11:07","slug":"byrabank-g-043-svart","status":"publish","type":"product","link":"https:\/\/www.baazar.se\/sv\/produkt\/byrabank-g-043-svart\/","title":{"rendered":"G-043 Sk\u00e4nk, svart"},"content":{"rendered":"<p>1<\/p>\n","protected":false},"excerpt":{"rendered":"<p>Fantastisk sk\u00e4nk med sk\u00f6n patina. Passar lika bra i badrummet som i k\u00f6ket eller hallen. Dimensioner: Djup 48 cm, Bredd 135 cm, H\u00f6jd 89 cm.<\/p>\n<p>En unik m\u00f6bel till ditt hem<br \/>\nBaazar tillverkar och renoverar m\u00f6bler varsamt f\u00f6r hand enligt tusen\u00e5riga traditioner. Alla m\u00f6bler tillverkas helt utav tr\u00e4. <a href=\"https:\/\/www.baazar.se\/sv\/baazars-mobelverkstad\/\">L\u00e4s mer om v\u00e5r produktion h\u00e4r\u2026<\/a><\/p>\n","protected":false},"featured_media":41548,"template":"","meta":[],"product_brand":[],"product_cat":[360,130,358,395,370,368,140,357,424,359],"product_tag":[166,168,375],"class_list":{"0":"post-2967","1":"product","2":"type-product","3":"status-publish","4":"has-post-thumbnail","6":"product_cat-badrum","7":"product_cat-byra","8":"product_cat-hall","9":"product_cat-hallmobler","10":"product_cat-medium_skap","11":"product_cat-side-board","12":"product_cat-skankar","13":"product_cat-sovrum","14":"product_cat-supererbjudande","15":"product_cat-vardagsrum","16":"product_tag-byra","17":"product_tag-skank","18":"product_tag-svart","19":"product_shipping_class-hemleverans-18-21kg-900","20":"tm-has-options","22":"first","23":"instock","24":"sale","25":"featured","26":"taxable","27":"shipping-taxable","28":"purchasable","29":"product-type-simple"},"_links":{"self":[{"href":"https:\/\/www.baazar.se\/sv\/wp-json\/wp\/v2\/product\/2967","targetHints":{"allow":["GET"]}}],"collection":[{"href":"https:\/\/www.baazar.se\/sv\/wp-json\/wp\/v2\/product"}],"about":[{"href":"https:\/\/www.baazar.se\/sv\/wp-json\/wp\/v2\/types\/product"}],"wp:featuredmedia":[{"embeddable":true,"href":"https:\/\/www.baazar.se\/sv\/wp-json\/wp\/v2\/media\/41548"}],"wp:attachment":[{"href":"https:\/\/www.baazar.se\/sv\/wp-json\/wp\/v2\/media?parent=2967"}],"wp:term":[{"taxonomy":"product_brand","embeddable":true,"href":"https:\/\/www.baazar.se\/sv\/wp-json\/wp\/v2\/product_brand?post=2967"},{"taxonomy":"product_cat","embeddable":true,"href":"https:\/\/www.baazar.se\/sv\/wp-json\/wp\/v2\/product_cat?post=2967"},{"taxonomy":"product_tag","embeddable":true,"href":"https:\/\/www.baazar.se\/sv\/wp-json\/wp\/v2\/product_tag?post=2967"}],"curies":[{"name":"wp","href":"https:\/\/api.w.org\/{rel}","templated":true}]}}