{"id":2968,"date":"2025-12-27T23:02:24","date_gmt":"2025-12-27T22:02:24","guid":{"rendered":"http:\/\/www.baazar.se\/sv\/?post_type=product&#038;p=2968"},"modified":"2026-03-16T11:50:12","modified_gmt":"2026-03-16T10:50:12","slug":"charmigt-vitrinskap-rod-j-026","status":"publish","type":"product","link":"https:\/\/www.baazar.se\/sv\/produkt\/charmigt-vitrinskap-rod-j-026\/","title":{"rendered":"J-026 Charmigt vitrinsk\u00e5p, r\u00f6d"},"content":{"rendered":"","protected":false},"excerpt":{"rendered":"<p>Charmigt vitrinsk\u00e5p i antikr\u00f6tt med vacker patinering. Dimensioner: Djup <span class=\"product_dimensions\">44 cm, Bredd 77 cm, H\u00f6jd 155 cm.<\/span><\/p>\n<p>En unik m\u00f6bel till ditt hem!<br \/>\nBaazar tillverkar och renoverar m\u00f6bler varsamt f\u00f6r hand enligt tusen\u00e5riga traditioner. Alla m\u00f6bler tillverkas helt utav tr\u00e4. <a href=\"https:\/\/www.baazar.se\/sv\/baazars-mobelverkstad\/\">L\u00e4s mer om v\u00e5r produktion h\u00e4r\u2026<\/a><\/p>\n","protected":false},"featured_media":26139,"template":"","meta":[],"product_brand":[],"product_cat":[360,58,372,358,370,107,357,389,359,371],"product_tag":[148,380,111],"class_list":{"0":"post-2968","1":"product","2":"type-product","3":"status-publish","4":"has-post-thumbnail","6":"product_cat-badrum","7":"product_cat-brollopsskap-och-brudskap","8":"product_cat-fargstarkt","9":"product_cat-hall","10":"product_cat-medium_skap","11":"product_cat-skap","12":"product_cat-sovrum","13":"product_cat-stora_skap","14":"product_cat-vardagsrum","15":"product_cat-vitrinskap","16":"product_tag-rod","17":"product_tag-skap","18":"product_tag-vitrinskap","19":"product_shipping_class-hemleverans-18-21kg-900","20":"tm-has-options","22":"first","23":"instock","24":"sale","25":"featured","26":"taxable","27":"shipping-taxable","28":"purchasable","29":"product-type-simple"},"_links":{"self":[{"href":"https:\/\/www.baazar.se\/sv\/wp-json\/wp\/v2\/product\/2968","targetHints":{"allow":["GET"]}}],"collection":[{"href":"https:\/\/www.baazar.se\/sv\/wp-json\/wp\/v2\/product"}],"about":[{"href":"https:\/\/www.baazar.se\/sv\/wp-json\/wp\/v2\/types\/product"}],"wp:featuredmedia":[{"embeddable":true,"href":"https:\/\/www.baazar.se\/sv\/wp-json\/wp\/v2\/media\/26139"}],"wp:attachment":[{"href":"https:\/\/www.baazar.se\/sv\/wp-json\/wp\/v2\/media?parent=2968"}],"wp:term":[{"taxonomy":"product_brand","embeddable":true,"href":"https:\/\/www.baazar.se\/sv\/wp-json\/wp\/v2\/product_brand?post=2968"},{"taxonomy":"product_cat","embeddable":true,"href":"https:\/\/www.baazar.se\/sv\/wp-json\/wp\/v2\/product_cat?post=2968"},{"taxonomy":"product_tag","embeddable":true,"href":"https:\/\/www.baazar.se\/sv\/wp-json\/wp\/v2\/product_tag?post=2968"}],"curies":[{"name":"wp","href":"https:\/\/api.w.org\/{rel}","templated":true}]}}