{"id":2972,"date":"2026-01-26T19:17:15","date_gmt":"2026-01-26T18:17:15","guid":{"rendered":"http:\/\/www.baazar.se\/sv\/?post_type=product&#038;p=2972"},"modified":"2026-04-04T21:12:46","modified_gmt":"2026-04-04T19:12:46","slug":"de-11-soffbord-svart","status":"publish","type":"product","link":"https:\/\/www.baazar.se\/sv\/produkt\/de-11-soffbord-svart\/","title":{"rendered":"DE-11 soffbord svart"},"content":{"rendered":"","protected":false},"excerpt":{"rendered":"<p>Fint soffbord i svart. Rottinghylla och metallhjul. Dimensioner: Diameter <span class=\"product_dimensions\">90 cm och h\u00f6jd 48 cm.<\/span><\/p>\n<p>En unik m\u00f6bel till ditt hem<br \/>\nBaazar tillverkar och renoverar m\u00f6bler varsamt f\u00f6r hand enligt tusen\u00e5riga traditioner. Alla m\u00f6bler tillverkas helt utav tr\u00e4. <a href=\"https:\/\/www.baazar.se\/sv\/baazars-mobelverkstad\/\">L\u00e4s mer om v\u00e5r produktion h\u00e4r\u2026<\/a><\/p>\n","protected":false},"featured_media":46794,"template":"","meta":[],"product_brand":[],"product_cat":[367,392,357,424,359],"product_tag":[115,375],"class_list":{"0":"post-2972","1":"product","2":"type-product","3":"status-publish","4":"has-post-thumbnail","6":"product_cat-bord","7":"product_cat-soffbord","8":"product_cat-sovrum","9":"product_cat-supererbjudande","10":"product_cat-vardagsrum","11":"product_tag-bord","12":"product_tag-svart","13":"product_shipping_class-hemleverans-18-21kg-900","14":"tm-has-options","16":"first","17":"instock","18":"sale","19":"featured","20":"taxable","21":"shipping-taxable","22":"purchasable","23":"product-type-simple"},"_links":{"self":[{"href":"https:\/\/www.baazar.se\/sv\/wp-json\/wp\/v2\/product\/2972","targetHints":{"allow":["GET"]}}],"collection":[{"href":"https:\/\/www.baazar.se\/sv\/wp-json\/wp\/v2\/product"}],"about":[{"href":"https:\/\/www.baazar.se\/sv\/wp-json\/wp\/v2\/types\/product"}],"wp:featuredmedia":[{"embeddable":true,"href":"https:\/\/www.baazar.se\/sv\/wp-json\/wp\/v2\/media\/46794"}],"wp:attachment":[{"href":"https:\/\/www.baazar.se\/sv\/wp-json\/wp\/v2\/media?parent=2972"}],"wp:term":[{"taxonomy":"product_brand","embeddable":true,"href":"https:\/\/www.baazar.se\/sv\/wp-json\/wp\/v2\/product_brand?post=2972"},{"taxonomy":"product_cat","embeddable":true,"href":"https:\/\/www.baazar.se\/sv\/wp-json\/wp\/v2\/product_cat?post=2972"},{"taxonomy":"product_tag","embeddable":true,"href":"https:\/\/www.baazar.se\/sv\/wp-json\/wp\/v2\/product_tag?post=2972"}],"curies":[{"name":"wp","href":"https:\/\/api.w.org\/{rel}","templated":true}]}}