{"id":3000,"date":"2014-08-14T11:59:06","date_gmt":"2014-08-14T09:59:06","guid":{"rendered":"http:\/\/www.baazar.se\/sv\/?post_type=product&#038;p=3000"},"modified":"2026-04-04T19:15:54","modified_gmt":"2026-04-04T17:15:54","slug":"hylla-g-186-svart-med-lador","status":"publish","type":"product","link":"https:\/\/www.baazar.se\/sv\/produkt\/hylla-g-186-svart-med-lador\/","title":{"rendered":"G-186 Hylla, svart med l\u00e5dor"},"content":{"rendered":"","protected":false},"excerpt":{"rendered":"<p>Vacker hylla med m\u00e5nga m\u00f6jligheter.\u00a0Popul\u00e4r m\u00f6bel som oftast s\u00e4ljer slut innan den hinner in p\u00e5 lager.\u00a0Dimensioner:\u00a0<span class=\"product_dimensions\">120 x 40 x 204 cm.<\/span><\/p>\n<p>En unik m\u00f6bel till ditt hem<br \/>\nBaazar tillverkar och renoverar m\u00f6bler varsamt f\u00f6r hand enligt tusen\u00e5riga traditioner. Alla m\u00f6bler tillverkas helt utav tr\u00e4. <a href=\"https:\/\/www.baazar.se\/sv\/baazars-mobelverkstad\/\">L\u00e4s mer om v\u00e5r produktion h\u00e4r\u2026<\/a><\/p>\n","protected":false},"featured_media":4161,"template":"","meta":[],"product_brand":[],"product_cat":[131,357,359],"product_tag":[160,375],"class_list":{"0":"post-3000","1":"product","2":"type-product","3":"status-publish","4":"has-post-thumbnail","6":"product_cat-hylla","7":"product_cat-sovrum","8":"product_cat-vardagsrum","9":"product_tag-hylla","10":"product_tag-svart","11":"product_shipping_class-hemleverans-18-21kg-900","12":"tm-has-options","14":"first","15":"onbackorder","16":"taxable","17":"shipping-taxable","18":"purchasable","19":"product-type-simple"},"_links":{"self":[{"href":"https:\/\/www.baazar.se\/sv\/wp-json\/wp\/v2\/product\/3000","targetHints":{"allow":["GET"]}}],"collection":[{"href":"https:\/\/www.baazar.se\/sv\/wp-json\/wp\/v2\/product"}],"about":[{"href":"https:\/\/www.baazar.se\/sv\/wp-json\/wp\/v2\/types\/product"}],"wp:featuredmedia":[{"embeddable":true,"href":"https:\/\/www.baazar.se\/sv\/wp-json\/wp\/v2\/media\/4161"}],"wp:attachment":[{"href":"https:\/\/www.baazar.se\/sv\/wp-json\/wp\/v2\/media?parent=3000"}],"wp:term":[{"taxonomy":"product_brand","embeddable":true,"href":"https:\/\/www.baazar.se\/sv\/wp-json\/wp\/v2\/product_brand?post=3000"},{"taxonomy":"product_cat","embeddable":true,"href":"https:\/\/www.baazar.se\/sv\/wp-json\/wp\/v2\/product_cat?post=3000"},{"taxonomy":"product_tag","embeddable":true,"href":"https:\/\/www.baazar.se\/sv\/wp-json\/wp\/v2\/product_tag?post=3000"}],"curies":[{"name":"wp","href":"https:\/\/api.w.org\/{rel}","templated":true}]}}