{"id":3003,"date":"2026-01-20T15:49:49","date_gmt":"2026-01-20T14:49:49","guid":{"rendered":"http:\/\/www.baazar.se\/sv\/?post_type=product&#038;p=3003"},"modified":"2026-03-16T12:33:48","modified_gmt":"2026-03-16T11:33:48","slug":"kangsideboard-i-165-svart-med-vingar","status":"publish","type":"product","link":"https:\/\/www.baazar.se\/sv\/produkt\/kangsideboard-i-165-svart-med-vingar\/","title":{"rendered":"I-165 Kangsideboard, svart med vingar"},"content":{"rendered":"<div class=\"video-shortcode\">\n<blockquote class=\"wp-embedded-content\" data-secret=\"VwuOKCJ72X\"><p><a href=\"https:\/\/www.baazar.se\/sv\/baazars-mobelverkstad\/\">Baazars m\u00f6belverkstad<\/a><\/p><\/blockquote>\n<p><iframe class=\"wp-embedded-content\" sandbox=\"allow-scripts\" security=\"restricted\" style=\"position: absolute; clip: rect(1px, 1px, 1px, 1px);\" src=\"https:\/\/www.baazar.se\/sv\/baazars-mobelverkstad\/embed\/#?secret=VwuOKCJ72X\" data-secret=\"VwuOKCJ72X\" width=\"600\" height=\"338\" title=\"&#8221;Baazars m\u00f6belverkstad&#8221; &#8212; Baazar\" frameborder=\"0\" marginwidth=\"0\" marginheight=\"0\" scrolling=\"no\"><\/iframe><\/div>\n","protected":false},"excerpt":{"rendered":"<p>Varsamt renoverad, semiantik kangb\u00e4nk\/sideboard. Passar utm\u00e4rkt som mediam\u00f6bel, hallb\u00e4nk eller vid fot\u00e4ndan p\u00e5 s\u00e4ngen f\u00f6r att n\u00e4mna n\u00e5gra m\u00f6jligheter. Varje b\u00e4nk \u00e4r unik och skiljer sig n\u00e5got i storlek och utsmyckning. En h\u00e4rlig semiantik m\u00f6bler med charmiga sp\u00e5r av ett l\u00e5ngt och str\u00e4vsamt liv. Storleken och utsmyckning kan variera n\u00e5got. Dimensioner: <span class=\"product_dimensions\">120 x 35 x 60 cm.<\/span><\/p>\n<p><span class=\"product_dimensions\">P<\/span><span class=\"product_dimensions\">allen heter G-153 <a href=\"https:\/\/www.baazar.se\/sv\/produkt\/klassisk-kinesisk-pall-g-153-svart\/\">och finns h\u00e4r&#8230;<\/a><br \/>\nSpegeln heter MR-048 <a href=\"https:\/\/www.baazar.se\/sv\/produkt\/mr-048-spegel-med-vackert-arbetad-traram\/\">och finns h\u00e4r&#8230;<\/a><\/span><\/p>\n<p>En unik m\u00f6bel till ditt hem!<br \/>\nBaazar tillverkar och renoverar m\u00f6bler varsamt f\u00f6r hand enligt tusen\u00e5riga traditioner. Alla m\u00f6bler tillverkas helt utav tr\u00e4. <a href=\"https:\/\/www.baazar.se\/sv\/baazars-mobelverkstad\/\">L\u00e4s mer om v\u00e5r produktion h\u00e4r\u2026<\/a><\/p>\n","protected":false},"featured_media":26645,"template":"","meta":[],"product_brand":[],"product_cat":[360,358,137,138,368,140,357,134,359],"product_tag":[149,112,375,187],"class_list":{"0":"post-3003","1":"product","2":"type-product","3":"status-publish","4":"has-post-thumbnail","6":"product_cat-badrum","7":"product_cat-hall","8":"product_cat-kang","9":"product_cat-qing","10":"product_cat-side-board","11":"product_cat-skankar","12":"product_cat-sovrum","13":"product_cat-tv-bankar","14":"product_cat-vardagsrum","15":"product_tag-kang","16":"product_tag-sideboard","17":"product_tag-svart","18":"product_tag-tv-bank","19":"product_shipping_class-hemleverans-18-21kg-900","20":"tm-has-options","22":"first","23":"instock","24":"sale","25":"featured","26":"taxable","27":"shipping-taxable","28":"purchasable","29":"product-type-simple"},"_links":{"self":[{"href":"https:\/\/www.baazar.se\/sv\/wp-json\/wp\/v2\/product\/3003","targetHints":{"allow":["GET"]}}],"collection":[{"href":"https:\/\/www.baazar.se\/sv\/wp-json\/wp\/v2\/product"}],"about":[{"href":"https:\/\/www.baazar.se\/sv\/wp-json\/wp\/v2\/types\/product"}],"wp:featuredmedia":[{"embeddable":true,"href":"https:\/\/www.baazar.se\/sv\/wp-json\/wp\/v2\/media\/26645"}],"wp:attachment":[{"href":"https:\/\/www.baazar.se\/sv\/wp-json\/wp\/v2\/media?parent=3003"}],"wp:term":[{"taxonomy":"product_brand","embeddable":true,"href":"https:\/\/www.baazar.se\/sv\/wp-json\/wp\/v2\/product_brand?post=3003"},{"taxonomy":"product_cat","embeddable":true,"href":"https:\/\/www.baazar.se\/sv\/wp-json\/wp\/v2\/product_cat?post=3003"},{"taxonomy":"product_tag","embeddable":true,"href":"https:\/\/www.baazar.se\/sv\/wp-json\/wp\/v2\/product_tag?post=3003"}],"curies":[{"name":"wp","href":"https:\/\/api.w.org\/{rel}","templated":true}]}}