{"id":3009,"date":"2021-11-15T15:10:27","date_gmt":"2021-11-15T14:10:27","guid":{"rendered":"http:\/\/www.baazar.se\/sv\/?post_type=product&#038;p=3009"},"modified":"2025-05-27T21:11:34","modified_gmt":"2025-05-27T19:11:34","slug":"klassisk-kinesisk-pall-g-153-svart","status":"publish","type":"product","link":"https:\/\/www.baazar.se\/sv\/produkt\/klassisk-kinesisk-pall-g-153-svart\/","title":{"rendered":"G-153 H\u00f6g pall, svart"},"content":{"rendered":"<div class=\"video-shortcode\">\n<blockquote class=\"wp-embedded-content\" data-secret=\"1O7IfKSPk0\"><p><a href=\"https:\/\/www.baazar.se\/sv\/baazars-mobelverkstad\/\">Baazars m\u00f6belverkstad<\/a><\/p><\/blockquote>\n<p><iframe class=\"wp-embedded-content\" sandbox=\"allow-scripts\" security=\"restricted\" style=\"position: absolute; clip: rect(1px, 1px, 1px, 1px);\" src=\"https:\/\/www.baazar.se\/sv\/baazars-mobelverkstad\/embed\/#?secret=1O7IfKSPk0\" data-secret=\"1O7IfKSPk0\" width=\"600\" height=\"338\" title=\"&#8221;Baazars m\u00f6belverkstad&#8221; &#8212; Baazar\" frameborder=\"0\" marginwidth=\"0\" marginheight=\"0\" scrolling=\"no\"><\/iframe><\/div>\n","protected":false},"excerpt":{"rendered":"<p>Svart pall i gediget tr\u00e4.\u00a0Dimensioner:\u00a0<span class=\"product_dimensions\">43 x 23 x 73 cm.<\/span><\/p>\n<p><span class=\"product_dimensions\">Kangb\u00e4nken heter I-165 <a href=\"https:\/\/www.baazar.se\/sv\/produkt\/kangsideboard-i-165-svart-med-vingar\/\">och finns h\u00e4r..<\/a>.<br \/>\nSpegeln heter MR-048 <a href=\"https:\/\/www.baazar.se\/sv\/produkt\/mr-048-spegel-med-vackert-arbetad-traram\/\">och finns h\u00e4r&#8230;<\/a><\/span><\/p>\n<p>En unik m\u00f6bel till ditt hem!<br \/>\nBaazar tillverkar och renoverar m\u00f6bler varsamt f\u00f6r hand enligt tusen\u00e5riga traditioner. Alla m\u00f6bler tillverkas helt utav tr\u00e4. <a href=\"https:\/\/www.baazar.se\/sv\/baazars-mobelverkstad\/\">L\u00e4s mer om v\u00e5r produktion h\u00e4r\u2026<\/a><\/p>\n","protected":false},"featured_media":26637,"template":"","meta":[],"product_brand":[],"product_cat":[358,369,357,359],"product_tag":[183,192,375],"class_list":{"0":"post-3009","1":"product","2":"type-product","3":"status-publish","4":"has-post-thumbnail","6":"product_cat-hall","7":"product_cat-sitt-mobler","8":"product_cat-sovrum","9":"product_cat-vardagsrum","10":"product_tag-nytt","11":"product_tag-pall","12":"product_tag-svart","13":"product_shipping_class-hemleverans-18-21kg-900","14":"tm-has-options","16":"first","17":"instock","18":"sale","19":"featured","20":"taxable","21":"shipping-taxable","22":"purchasable","23":"product-type-simple"},"_links":{"self":[{"href":"https:\/\/www.baazar.se\/sv\/wp-json\/wp\/v2\/product\/3009","targetHints":{"allow":["GET"]}}],"collection":[{"href":"https:\/\/www.baazar.se\/sv\/wp-json\/wp\/v2\/product"}],"about":[{"href":"https:\/\/www.baazar.se\/sv\/wp-json\/wp\/v2\/types\/product"}],"wp:featuredmedia":[{"embeddable":true,"href":"https:\/\/www.baazar.se\/sv\/wp-json\/wp\/v2\/media\/26637"}],"wp:attachment":[{"href":"https:\/\/www.baazar.se\/sv\/wp-json\/wp\/v2\/media?parent=3009"}],"wp:term":[{"taxonomy":"product_brand","embeddable":true,"href":"https:\/\/www.baazar.se\/sv\/wp-json\/wp\/v2\/product_brand?post=3009"},{"taxonomy":"product_cat","embeddable":true,"href":"https:\/\/www.baazar.se\/sv\/wp-json\/wp\/v2\/product_cat?post=3009"},{"taxonomy":"product_tag","embeddable":true,"href":"https:\/\/www.baazar.se\/sv\/wp-json\/wp\/v2\/product_tag?post=3009"}],"curies":[{"name":"wp","href":"https:\/\/api.w.org\/{rel}","templated":true}]}}