{"id":3013,"date":"2014-08-15T15:33:13","date_gmt":"2014-08-15T13:33:13","guid":{"rendered":"http:\/\/www.baazar.se\/sv\/?post_type=product&#038;p=3013"},"modified":"2023-10-17T14:06:42","modified_gmt":"2023-10-17T12:06:42","slug":"klosterljusstake-an1320-med-ra-finish-for-18-ljus","status":"publish","type":"product","link":"https:\/\/www.baazar.se\/sv\/produkt\/klosterljusstake-an1320-med-ra-finish-for-18-ljus\/","title":{"rendered":"An1320 Klosterljusstake, med r\u00e5 finish f\u00f6r 18 ljus"},"content":{"rendered":"","protected":false},"excerpt":{"rendered":"<p>Fantastisk ljusstake. 180 cm h\u00f6g.<\/p>\n","protected":false},"featured_media":4831,"template":"","meta":[],"product_brand":[],"product_cat":[141],"product_tag":[195],"class_list":{"0":"post-3013","1":"product","2":"type-product","3":"status-publish","4":"has-post-thumbnail","6":"product_cat-fagelburar-skrin-korgar-lyktor-och-mattor","7":"product_tag-ljusstake","8":"product_shipping_class-hemleverans-18-21kg-900","9":"tm-has-options","11":"first","12":"outofstock","13":"taxable","14":"shipping-taxable","15":"purchasable","16":"product-type-simple"},"_links":{"self":[{"href":"https:\/\/www.baazar.se\/sv\/wp-json\/wp\/v2\/product\/3013","targetHints":{"allow":["GET"]}}],"collection":[{"href":"https:\/\/www.baazar.se\/sv\/wp-json\/wp\/v2\/product"}],"about":[{"href":"https:\/\/www.baazar.se\/sv\/wp-json\/wp\/v2\/types\/product"}],"wp:featuredmedia":[{"embeddable":true,"href":"https:\/\/www.baazar.se\/sv\/wp-json\/wp\/v2\/media\/4831"}],"wp:attachment":[{"href":"https:\/\/www.baazar.se\/sv\/wp-json\/wp\/v2\/media?parent=3013"}],"wp:term":[{"taxonomy":"product_brand","embeddable":true,"href":"https:\/\/www.baazar.se\/sv\/wp-json\/wp\/v2\/product_brand?post=3013"},{"taxonomy":"product_cat","embeddable":true,"href":"https:\/\/www.baazar.se\/sv\/wp-json\/wp\/v2\/product_cat?post=3013"},{"taxonomy":"product_tag","embeddable":true,"href":"https:\/\/www.baazar.se\/sv\/wp-json\/wp\/v2\/product_tag?post=3013"}],"curies":[{"name":"wp","href":"https:\/\/api.w.org\/{rel}","templated":true}]}}