{"id":3018,"date":"2014-08-15T15:48:16","date_gmt":"2014-08-15T13:48:16","guid":{"rendered":"http:\/\/www.baazar.se\/sv\/?post_type=product&#038;p=3018"},"modified":"2025-04-05T16:19:58","modified_gmt":"2025-04-05T14:19:58","slug":"kulram-gammal-k-081","status":"publish","type":"product","link":"https:\/\/www.baazar.se\/sv\/produkt\/kulram-gammal-k-081\/","title":{"rendered":"K-081 Kulram, Gammal"},"content":{"rendered":"","protected":false},"excerpt":{"rendered":"<p>Klassisk kulram f\u00f6r matematiska utr\u00e4kningar. En gammal produkt som alla skiljer sig n\u00e5got \u00e5t i storlek och utsmyckning.<\/p>\n<p>En unik m\u00f6bel till ditt hem!<br \/>\nBaazar tillverkar och renoverar m\u00f6bler varsamt f\u00f6r hand enligt tusen\u00e5riga traditioner. Alla m\u00f6bler tillverkas helt utav tr\u00e4. <a href=\"https:\/\/www.baazar.se\/sv\/baazars-mobelverkstad\/\">L\u00e4s mer om v\u00e5r produktion h\u00e4r\u2026<\/a><\/p>\n","protected":false},"featured_media":41514,"template":"","meta":[],"product_brand":[],"product_cat":[144],"product_tag":[179,198],"class_list":{"0":"post-3018","1":"product","2":"type-product","3":"status-publish","4":"has-post-thumbnail","6":"product_cat-spel-stegar-smycken-fat-och-instrument","7":"product_tag-gammal","8":"product_tag-kulram","9":"product_shipping_class-hemleverans-7-9kg-199kr","10":"tm-has-options","12":"first","13":"instock","14":"sale","15":"featured","16":"taxable","17":"shipping-taxable","18":"purchasable","19":"product-type-simple"},"_links":{"self":[{"href":"https:\/\/www.baazar.se\/sv\/wp-json\/wp\/v2\/product\/3018","targetHints":{"allow":["GET"]}}],"collection":[{"href":"https:\/\/www.baazar.se\/sv\/wp-json\/wp\/v2\/product"}],"about":[{"href":"https:\/\/www.baazar.se\/sv\/wp-json\/wp\/v2\/types\/product"}],"wp:featuredmedia":[{"embeddable":true,"href":"https:\/\/www.baazar.se\/sv\/wp-json\/wp\/v2\/media\/41514"}],"wp:attachment":[{"href":"https:\/\/www.baazar.se\/sv\/wp-json\/wp\/v2\/media?parent=3018"}],"wp:term":[{"taxonomy":"product_brand","embeddable":true,"href":"https:\/\/www.baazar.se\/sv\/wp-json\/wp\/v2\/product_brand?post=3018"},{"taxonomy":"product_cat","embeddable":true,"href":"https:\/\/www.baazar.se\/sv\/wp-json\/wp\/v2\/product_cat?post=3018"},{"taxonomy":"product_tag","embeddable":true,"href":"https:\/\/www.baazar.se\/sv\/wp-json\/wp\/v2\/product_tag?post=3018"}],"curies":[{"name":"wp","href":"https:\/\/api.w.org\/{rel}","templated":true}]}}