{"id":3087,"date":"2014-12-22T13:38:43","date_gmt":"2014-12-22T12:38:43","guid":{"rendered":"http:\/\/www.baazar.se\/sv\/?post_type=product&#038;p=3087"},"modified":"2023-04-04T15:45:37","modified_gmt":"2023-04-04T13:45:37","slug":"spegelskrin-ba-055","status":"publish","type":"product","link":"https:\/\/www.baazar.se\/sv\/produkt\/spegelskrin-ba-055\/","title":{"rendered":"BA-055, spegelskrin"},"content":{"rendered":"","protected":false},"excerpt":{"rendered":"<p>Vackert semi-antikt spegelskrin.\u00a0Dimensioner:\u00a0<span class=\"product_dimensions\">23 x 36 x 17 cm.<\/span><\/p>\n<p>En unik m\u00f6bel till ditt hem<br \/>\nBaazar tillverkar och renoverar m\u00f6bler varsamt f\u00f6r hand enligt tusen\u00e5riga traditioner. Alla m\u00f6bler tillverkas helt utav tr\u00e4. <a href=\"https:\/\/www.baazar.se\/sv\/baazars-mobelverkstad\/\">L\u00e4s mer om v\u00e5r produktion h\u00e4r\u2026<\/a><\/p>\n","protected":false},"featured_media":4089,"template":"","meta":[],"product_brand":[],"product_cat":[360,141,132,357],"product_tag":[199,146,203,204],"class_list":{"0":"post-3087","1":"product","2":"type-product","3":"status-publish","4":"has-post-thumbnail","6":"product_cat-badrum","7":"product_cat-fagelburar-skrin-korgar-lyktor-och-mattor","8":"product_cat-kistor","9":"product_cat-sovrum","10":"product_tag-gammalt","11":"product_tag-kista","12":"product_tag-skrin","13":"product_tag-spegel","14":"product_shipping_class-hemleverans-7-9kg-199kr","15":"tm-has-options","17":"first","18":"instock","19":"sale","20":"featured","21":"taxable","22":"shipping-taxable","23":"purchasable","24":"product-type-simple"},"_links":{"self":[{"href":"https:\/\/www.baazar.se\/sv\/wp-json\/wp\/v2\/product\/3087","targetHints":{"allow":["GET"]}}],"collection":[{"href":"https:\/\/www.baazar.se\/sv\/wp-json\/wp\/v2\/product"}],"about":[{"href":"https:\/\/www.baazar.se\/sv\/wp-json\/wp\/v2\/types\/product"}],"wp:featuredmedia":[{"embeddable":true,"href":"https:\/\/www.baazar.se\/sv\/wp-json\/wp\/v2\/media\/4089"}],"wp:attachment":[{"href":"https:\/\/www.baazar.se\/sv\/wp-json\/wp\/v2\/media?parent=3087"}],"wp:term":[{"taxonomy":"product_brand","embeddable":true,"href":"https:\/\/www.baazar.se\/sv\/wp-json\/wp\/v2\/product_brand?post=3087"},{"taxonomy":"product_cat","embeddable":true,"href":"https:\/\/www.baazar.se\/sv\/wp-json\/wp\/v2\/product_cat?post=3087"},{"taxonomy":"product_tag","embeddable":true,"href":"https:\/\/www.baazar.se\/sv\/wp-json\/wp\/v2\/product_tag?post=3087"}],"curies":[{"name":"wp","href":"https:\/\/api.w.org\/{rel}","templated":true}]}}