{"id":33977,"date":"2024-11-22T10:57:07","date_gmt":"2024-11-22T09:57:07","guid":{"rendered":"https:\/\/www.baazar.se\/sv\/?post_type=product&#038;p=33977"},"modified":"2026-03-26T15:47:54","modified_gmt":"2026-03-26T14:47:54","slug":"matbord-bh-176-natur","status":"publish","type":"product","link":"https:\/\/www.baazar.se\/sv\/produkt\/matbord-bh-176-natur\/","title":{"rendered":"BH-176 Matbord, natur"},"content":{"rendered":"<p><!--more--><\/p>\n","protected":false},"excerpt":{"rendered":"<p>Mycket vackert nytillverkat runt bord gjort av \u00e5teranv\u00e4nt tr\u00e4 med grov tr\u00e4f\u00e4rgad underrede och bordsskiva.<\/p>\n<p>Dimensioner: Djup 100 cm, Bredd 100 cm,\u00a0H\u00f6jd 78 cm.<\/p>\n<p>En unik m\u00f6bel till ditt hem<br \/>\nBaazar tillverkar och renoverar m\u00f6bler varsamt f\u00f6r hand enligt tusen\u00e5riga traditioner. Alla m\u00f6bler tillverkas helt utav tr\u00e4. <a href=\"https:\/\/www.baazar.se\/sv\/baazars-mobelverkstad\/\">L\u00e4s mer om v\u00e5r produktion h\u00e4r\u2026<\/a><\/p>\n<p><a href=\"https:\/\/www.baazar.se\/sv\/produkt\/bh-113-stol\/\">Se de bruna stolarna p\u00e5 bilden h\u00e4r&#8230;<\/a><\/p>\n","protected":false},"featured_media":33978,"template":"","meta":[],"product_brand":[],"product_cat":[136,367,412,359],"product_tag":[115,413],"class_list":{"0":"post-33977","1":"product","2":"type-product","3":"status-publish","4":"has-post-thumbnail","6":"product_cat-baazars-favoriter","7":"product_cat-bord","8":"product_cat-matsalsbord","9":"product_cat-vardagsrum","10":"product_tag-bord","11":"product_tag-natur","12":"product_shipping_class-hemleverans-18-21kg-900","13":"tm-has-options","15":"first","16":"onbackorder","17":"taxable","18":"shipping-taxable","19":"purchasable","20":"product-type-simple"},"_links":{"self":[{"href":"https:\/\/www.baazar.se\/sv\/wp-json\/wp\/v2\/product\/33977","targetHints":{"allow":["GET"]}}],"collection":[{"href":"https:\/\/www.baazar.se\/sv\/wp-json\/wp\/v2\/product"}],"about":[{"href":"https:\/\/www.baazar.se\/sv\/wp-json\/wp\/v2\/types\/product"}],"wp:featuredmedia":[{"embeddable":true,"href":"https:\/\/www.baazar.se\/sv\/wp-json\/wp\/v2\/media\/33978"}],"wp:attachment":[{"href":"https:\/\/www.baazar.se\/sv\/wp-json\/wp\/v2\/media?parent=33977"}],"wp:term":[{"taxonomy":"product_brand","embeddable":true,"href":"https:\/\/www.baazar.se\/sv\/wp-json\/wp\/v2\/product_brand?post=33977"},{"taxonomy":"product_cat","embeddable":true,"href":"https:\/\/www.baazar.se\/sv\/wp-json\/wp\/v2\/product_cat?post=33977"},{"taxonomy":"product_tag","embeddable":true,"href":"https:\/\/www.baazar.se\/sv\/wp-json\/wp\/v2\/product_tag?post=33977"}],"curies":[{"name":"wp","href":"https:\/\/api.w.org\/{rel}","templated":true}]}}