{"id":37106,"date":"2023-01-09T16:33:48","date_gmt":"2023-01-09T15:33:48","guid":{"rendered":"https:\/\/www.baazar.se\/sv\/?post_type=product&#038;p=37106"},"modified":"2026-03-26T15:57:31","modified_gmt":"2026-03-26T14:57:31","slug":"a-30-vit","status":"publish","type":"product","link":"https:\/\/www.baazar.se\/sv\/produkt\/a-30-vit\/","title":{"rendered":"A-30, vit"},"content":{"rendered":"","protected":false},"excerpt":{"rendered":"<p>Sk\u00e5p med inv\u00e4ndiga l\u00e5dor.<br \/>\nPopul\u00e4r m\u00f6bel som oftast s\u00e4ljer slut innan den hinner in p\u00e5 lager.<\/p>\n<p><em>Dimensioner: Djup 42 cm \/ Bredd 79 cm \/ H\u00f6jd 110 cm.<span class=\"product_dimensions\"><br \/>\n<\/span><\/em><span class=\"product_dimensions\"><br \/>\n<\/span><span class=\"product_dimensions\">En unik m\u00f6bel till ditt hem<br \/>\nBaazar tillverkar och renoverar m\u00f6bler varsamt f\u00f6r hand enligt tusen\u00e5riga traditioner. Alla m\u00f6bler tillverkas helt utav tr\u00e4. <a href=\"https:\/\/www.baazar.se\/sv\/baazars-mobelverkstad\/\">L\u00e4s mer om v\u00e5r produktion h\u00e4r\u2026<\/a><\/span><\/p>\n","protected":false},"featured_media":37107,"template":"","meta":[],"product_brand":[],"product_cat":[136,360,358,370,140,107,357,359],"product_tag":[380,162],"class_list":{"0":"post-37106","1":"product","2":"type-product","3":"status-publish","4":"has-post-thumbnail","6":"product_cat-baazars-favoriter","7":"product_cat-badrum","8":"product_cat-hall","9":"product_cat-medium_skap","10":"product_cat-skankar","11":"product_cat-skap","12":"product_cat-sovrum","13":"product_cat-vardagsrum","14":"product_tag-skap","15":"product_tag-vitt","16":"product_shipping_class-hemleverans-18-21kg-900","17":"tm-has-options","19":"first","20":"onbackorder","21":"taxable","22":"shipping-taxable","23":"purchasable","24":"product-type-simple"},"_links":{"self":[{"href":"https:\/\/www.baazar.se\/sv\/wp-json\/wp\/v2\/product\/37106","targetHints":{"allow":["GET"]}}],"collection":[{"href":"https:\/\/www.baazar.se\/sv\/wp-json\/wp\/v2\/product"}],"about":[{"href":"https:\/\/www.baazar.se\/sv\/wp-json\/wp\/v2\/types\/product"}],"wp:featuredmedia":[{"embeddable":true,"href":"https:\/\/www.baazar.se\/sv\/wp-json\/wp\/v2\/media\/37107"}],"wp:attachment":[{"href":"https:\/\/www.baazar.se\/sv\/wp-json\/wp\/v2\/media?parent=37106"}],"wp:term":[{"taxonomy":"product_brand","embeddable":true,"href":"https:\/\/www.baazar.se\/sv\/wp-json\/wp\/v2\/product_brand?post=37106"},{"taxonomy":"product_cat","embeddable":true,"href":"https:\/\/www.baazar.se\/sv\/wp-json\/wp\/v2\/product_cat?post=37106"},{"taxonomy":"product_tag","embeddable":true,"href":"https:\/\/www.baazar.se\/sv\/wp-json\/wp\/v2\/product_tag?post=37106"}],"curies":[{"name":"wp","href":"https:\/\/api.w.org\/{rel}","templated":true}]}}