{"id":38962,"date":"2025-01-01T11:14:19","date_gmt":"2025-01-01T10:14:19","guid":{"rendered":"https:\/\/www.baazar.se\/sv\/?post_type=product&#038;p=38962"},"modified":"2026-04-11T11:03:38","modified_gmt":"2026-04-11T09:03:38","slug":"md-08","status":"publish","type":"product","link":"https:\/\/www.baazar.se\/sv\/produkt\/md-08\/","title":{"rendered":"MD-08 vackert sk\u00e5p av ek och rotting"},"content":{"rendered":"","protected":false},"excerpt":{"rendered":"<p>Sk\u00e5p av ek och rotting. Snyggt och praktiskt.<\/p>\n<p><em>Dimensioner: Djup 42 cm \/ Bredd 110 cm \/ H\u00f6jd 180 cm.<span class=\"product_dimensions\"><br \/>\n<\/span><\/em><span class=\"product_dimensions\"><br \/>\n<\/span><span class=\"product_dimensions\">En unik m\u00f6bel till ditt hem<br \/>\nBaazar tillverkar och renoverar m\u00f6bler varsamt f\u00f6r hand enligt tusen\u00e5riga traditioner. Alla m\u00f6bler tillverkas helt utav tr\u00e4. <a href=\"https:\/\/www.baazar.se\/sv\/baazars-mobelverkstad\/\">L\u00e4s mer om v\u00e5r produktion h\u00e4r\u2026<\/a><\/span><\/p>\n","protected":false},"featured_media":38966,"template":"","meta":[],"product_brand":[],"product_cat":[136,360,58,358,395,107,357,389,359],"product_tag":[380],"class_list":{"0":"post-38962","1":"product","2":"type-product","3":"status-publish","4":"has-post-thumbnail","6":"product_cat-baazars-favoriter","7":"product_cat-badrum","8":"product_cat-brollopsskap-och-brudskap","9":"product_cat-hall","10":"product_cat-hallmobler","11":"product_cat-skap","12":"product_cat-sovrum","13":"product_cat-stora_skap","14":"product_cat-vardagsrum","15":"product_tag-skap","16":"product_shipping_class-hemleverans-18-21kg-900","17":"tm-has-options","19":"first","20":"instock","21":"sale","22":"featured","23":"taxable","24":"shipping-taxable","25":"purchasable","26":"product-type-simple"},"_links":{"self":[{"href":"https:\/\/www.baazar.se\/sv\/wp-json\/wp\/v2\/product\/38962","targetHints":{"allow":["GET"]}}],"collection":[{"href":"https:\/\/www.baazar.se\/sv\/wp-json\/wp\/v2\/product"}],"about":[{"href":"https:\/\/www.baazar.se\/sv\/wp-json\/wp\/v2\/types\/product"}],"wp:featuredmedia":[{"embeddable":true,"href":"https:\/\/www.baazar.se\/sv\/wp-json\/wp\/v2\/media\/38966"}],"wp:attachment":[{"href":"https:\/\/www.baazar.se\/sv\/wp-json\/wp\/v2\/media?parent=38962"}],"wp:term":[{"taxonomy":"product_brand","embeddable":true,"href":"https:\/\/www.baazar.se\/sv\/wp-json\/wp\/v2\/product_brand?post=38962"},{"taxonomy":"product_cat","embeddable":true,"href":"https:\/\/www.baazar.se\/sv\/wp-json\/wp\/v2\/product_cat?post=38962"},{"taxonomy":"product_tag","embeddable":true,"href":"https:\/\/www.baazar.se\/sv\/wp-json\/wp\/v2\/product_tag?post=38962"}],"curies":[{"name":"wp","href":"https:\/\/api.w.org\/{rel}","templated":true}]}}