{"id":4030,"date":"2023-09-02T14:43:59","date_gmt":"2023-09-02T12:43:59","guid":{"rendered":"http:\/\/www.baazar.se\/sv\/?post_type=product&#038;p=4030"},"modified":"2026-03-10T15:03:28","modified_gmt":"2026-03-10T14:03:28","slug":"de-11-soffbord-vit","status":"publish","type":"product","link":"https:\/\/www.baazar.se\/sv\/produkt\/de-11-soffbord-vit\/","title":{"rendered":"DE-11 soffbord vit"},"content":{"rendered":"","protected":false},"excerpt":{"rendered":"<p>Runt soffbord med hjul som g\u00f6r bordet l\u00e4tt att flytta. Underhylla i rotting med m\u00f6jligheter till \u00f6ppen och l\u00e4tt\u00e5tkomlig f\u00f6rvaring. Fint soffbord, vackra detaljer. Dimensioner: Diameter <span class=\"product_dimensions\">90 cm och h\u00f6jd 48 cm.<\/span><\/p>\n<p>En unik m\u00f6bel till ditt hem<br \/>\nBaazar tillverkar och renoverar m\u00f6bler varsamt f\u00f6r hand enligt tusen\u00e5riga traditioner. Alla m\u00f6bler tillverkas helt utav tr\u00e4. <a href=\"https:\/\/www.baazar.se\/sv\/baazars-mobelverkstad\/\">L\u00e4s mer om v\u00e5r produktion h\u00e4r\u2026<\/a><\/p>\n","protected":false},"featured_media":34938,"template":"","meta":[],"product_brand":[],"product_cat":[136,367,392,359],"product_tag":[115,295,377],"class_list":{"0":"post-4030","1":"product","2":"type-product","3":"status-publish","4":"has-post-thumbnail","6":"product_cat-baazars-favoriter","7":"product_cat-bord","8":"product_cat-soffbord","9":"product_cat-vardagsrum","10":"product_tag-bord","11":"product_tag-tv-bord","12":"product_tag-vit","13":"tm-has-options","15":"first","16":"instock","17":"sale","18":"taxable","19":"shipping-taxable","20":"purchasable","21":"product-type-simple"},"_links":{"self":[{"href":"https:\/\/www.baazar.se\/sv\/wp-json\/wp\/v2\/product\/4030","targetHints":{"allow":["GET"]}}],"collection":[{"href":"https:\/\/www.baazar.se\/sv\/wp-json\/wp\/v2\/product"}],"about":[{"href":"https:\/\/www.baazar.se\/sv\/wp-json\/wp\/v2\/types\/product"}],"wp:featuredmedia":[{"embeddable":true,"href":"https:\/\/www.baazar.se\/sv\/wp-json\/wp\/v2\/media\/34938"}],"wp:attachment":[{"href":"https:\/\/www.baazar.se\/sv\/wp-json\/wp\/v2\/media?parent=4030"}],"wp:term":[{"taxonomy":"product_brand","embeddable":true,"href":"https:\/\/www.baazar.se\/sv\/wp-json\/wp\/v2\/product_brand?post=4030"},{"taxonomy":"product_cat","embeddable":true,"href":"https:\/\/www.baazar.se\/sv\/wp-json\/wp\/v2\/product_cat?post=4030"},{"taxonomy":"product_tag","embeddable":true,"href":"https:\/\/www.baazar.se\/sv\/wp-json\/wp\/v2\/product_tag?post=4030"}],"curies":[{"name":"wp","href":"https:\/\/api.w.org\/{rel}","templated":true}]}}