{"id":4035,"date":"2021-11-01T14:57:11","date_gmt":"2021-11-01T13:57:11","guid":{"rendered":"http:\/\/www.baazar.se\/sv\/?post_type=product&#038;p=4035"},"modified":"2026-03-26T16:04:51","modified_gmt":"2026-03-26T15:04:51","slug":"byrabank-g-043-vit","status":"publish","type":"product","link":"https:\/\/www.baazar.se\/sv\/produkt\/byrabank-g-043-vit\/","title":{"rendered":"G-043 Sk\u00e4nk, r\u00f6d"},"content":{"rendered":"","protected":false},"excerpt":{"rendered":"<p>Fantastisk sk\u00e4nk med sk\u00f6n patina. Passar lika bra i badrummet som i k\u00f6ket eller hallen. Dimensioner: Djup 48 cm,\u00a0 Bredd 135 cm, H\u00f6jd 89 cm.<\/p>\n<p><a href=\"https:\/\/www.baazar.se\/sv\/produkt\/east-34\/\">F\u00e5gelburen p\u00e5 sk\u00e4nken hittar ni h\u00e4r&#8230;<\/a><\/p>\n<p>En unik m\u00f6bel till ditt hem<br \/>\nBaazar tillverkar och renoverar m\u00f6bler varsamt f\u00f6r hand enligt tusen\u00e5riga traditioner. Alla m\u00f6bler tillverkas helt utav tr\u00e4. <a href=\"https:\/\/www.baazar.se\/sv\/baazars-mobelverkstad\/\">L\u00e4s mer om v\u00e5r produktion h\u00e4r\u2026<\/a><\/p>\n","protected":false},"featured_media":39724,"template":"","meta":[],"product_brand":[],"product_cat":[360,130,372,358,370,368,140,357,359],"product_tag":[166,194,297,148,168],"class_list":{"0":"post-4035","1":"product","2":"type-product","3":"status-publish","4":"has-post-thumbnail","6":"product_cat-badrum","7":"product_cat-byra","8":"product_cat-fargstarkt","9":"product_cat-hall","10":"product_cat-medium_skap","11":"product_cat-side-board","12":"product_cat-skankar","13":"product_cat-sovrum","14":"product_cat-vardagsrum","15":"product_tag-byra","16":"product_tag-nytillverkad","17":"product_tag-patinerad","18":"product_tag-rod","19":"product_tag-skank","20":"product_shipping_class-hemleverans-18-21kg-900","21":"tm-has-options","23":"first","24":"instock","25":"sale","26":"featured","27":"taxable","28":"shipping-taxable","29":"purchasable","30":"product-type-simple"},"_links":{"self":[{"href":"https:\/\/www.baazar.se\/sv\/wp-json\/wp\/v2\/product\/4035","targetHints":{"allow":["GET"]}}],"collection":[{"href":"https:\/\/www.baazar.se\/sv\/wp-json\/wp\/v2\/product"}],"about":[{"href":"https:\/\/www.baazar.se\/sv\/wp-json\/wp\/v2\/types\/product"}],"wp:featuredmedia":[{"embeddable":true,"href":"https:\/\/www.baazar.se\/sv\/wp-json\/wp\/v2\/media\/39724"}],"wp:attachment":[{"href":"https:\/\/www.baazar.se\/sv\/wp-json\/wp\/v2\/media?parent=4035"}],"wp:term":[{"taxonomy":"product_brand","embeddable":true,"href":"https:\/\/www.baazar.se\/sv\/wp-json\/wp\/v2\/product_brand?post=4035"},{"taxonomy":"product_cat","embeddable":true,"href":"https:\/\/www.baazar.se\/sv\/wp-json\/wp\/v2\/product_cat?post=4035"},{"taxonomy":"product_tag","embeddable":true,"href":"https:\/\/www.baazar.se\/sv\/wp-json\/wp\/v2\/product_tag?post=4035"}],"curies":[{"name":"wp","href":"https:\/\/api.w.org\/{rel}","templated":true}]}}