{"id":4039,"date":"2021-01-03T15:08:12","date_gmt":"2021-01-03T14:08:12","guid":{"rendered":"http:\/\/www.baazar.se\/sv\/?post_type=product&#038;p=4039"},"modified":"2026-03-26T16:09:42","modified_gmt":"2026-03-26T15:09:42","slug":"kangsideboard-i-165-vit-med-vingar","status":"publish","type":"product","link":"https:\/\/www.baazar.se\/sv\/produkt\/kangsideboard-i-165-vit-med-vingar\/","title":{"rendered":"I-165 Kangsideboard, vit med vingar"},"content":{"rendered":"","protected":false},"excerpt":{"rendered":"<p style=\"text-align: left;\">Varsamt renoverad, semiantik kangb\u00e4nk\/sideboard fr\u00e5n Zhejiangprovinsen i Kina. Passar utm\u00e4rkt som mediam\u00f6bel, hallb\u00e4nk eller vid fot\u00e4ndan p\u00e5 s\u00e4ngen f\u00f6r att n\u00e4mna n\u00e5gra m\u00f6jligheter.\u00a0Sprickor kan f\u00f6rekomma, det \u00e4r en del av charmen med semiantika m\u00f6bler. D\u00e5 de \u00e4r gamla skiljer de sig n\u00e5got i storlek. Dimensioner: ca <span class=\"product_dimensions\">120 x 35 x 60 cm.<\/span><\/p>\n<p>En unik m\u00f6bel till ditt hem<br \/>\nBaazar tillverkar och renoverar m\u00f6bler varsamt f\u00f6r hand enligt tusen\u00e5riga traditioner. Alla m\u00f6bler tillverkas helt utav tr\u00e4. <a href=\"https:\/\/www.baazar.se\/sv\/baazars-mobelverkstad\/\">L\u00e4s mer om v\u00e5r produktion h\u00e4r\u2026<\/a><\/p>\n","protected":false},"featured_media":34006,"template":"","meta":[],"product_brand":[],"product_cat":[367,130,358,137,368,369,357,134,359],"product_tag":[149,112,187,377],"class_list":{"0":"post-4039","1":"product","2":"type-product","3":"status-publish","4":"has-post-thumbnail","6":"product_cat-bord","7":"product_cat-byra","8":"product_cat-hall","9":"product_cat-kang","10":"product_cat-side-board","11":"product_cat-sitt-mobler","12":"product_cat-sovrum","13":"product_cat-tv-bankar","14":"product_cat-vardagsrum","15":"product_tag-kang","16":"product_tag-sideboard","17":"product_tag-tv-bank","18":"product_tag-vit","19":"product_shipping_class-hemleverans-16-18kg-699","20":"tm-has-options","22":"first","23":"instock","24":"sale","25":"featured","26":"taxable","27":"shipping-taxable","28":"purchasable","29":"product-type-simple"},"_links":{"self":[{"href":"https:\/\/www.baazar.se\/sv\/wp-json\/wp\/v2\/product\/4039","targetHints":{"allow":["GET"]}}],"collection":[{"href":"https:\/\/www.baazar.se\/sv\/wp-json\/wp\/v2\/product"}],"about":[{"href":"https:\/\/www.baazar.se\/sv\/wp-json\/wp\/v2\/types\/product"}],"wp:featuredmedia":[{"embeddable":true,"href":"https:\/\/www.baazar.se\/sv\/wp-json\/wp\/v2\/media\/34006"}],"wp:attachment":[{"href":"https:\/\/www.baazar.se\/sv\/wp-json\/wp\/v2\/media?parent=4039"}],"wp:term":[{"taxonomy":"product_brand","embeddable":true,"href":"https:\/\/www.baazar.se\/sv\/wp-json\/wp\/v2\/product_brand?post=4039"},{"taxonomy":"product_cat","embeddable":true,"href":"https:\/\/www.baazar.se\/sv\/wp-json\/wp\/v2\/product_cat?post=4039"},{"taxonomy":"product_tag","embeddable":true,"href":"https:\/\/www.baazar.se\/sv\/wp-json\/wp\/v2\/product_tag?post=4039"}],"curies":[{"name":"wp","href":"https:\/\/api.w.org\/{rel}","templated":true}]}}