{"id":4043,"date":"2026-03-18T15:18:58","date_gmt":"2026-03-18T14:18:58","guid":{"rendered":"http:\/\/www.baazar.se\/sv\/?post_type=product&#038;p=4043"},"modified":"2026-05-01T20:06:22","modified_gmt":"2026-05-01T18:06:22","slug":"litet-skapsangbord-a-10-svart-med-lador","status":"publish","type":"product","link":"https:\/\/www.baazar.se\/sv\/produkt\/litet-skapsangbord-a-10-svart-med-lador\/","title":{"rendered":"A-10 S\u00e4ngsk\u00e5p, svart med l\u00e5dor"},"content":{"rendered":"<blockquote><p>&nbsp;<\/p><\/blockquote>\n","protected":false},"excerpt":{"rendered":"<p><span style=\"color: #000000;\">Litet sk\u00e5p som passar utm\u00e4rkt till s\u00e4ngbord.\u00a0<\/span><br style=\"color: #000000;\" \/><span style=\"color: #000000;\">Popul\u00e4r m\u00f6bel som oftast s\u00e4ljer slut innan den hinner in p\u00e5 lager. Dimensioner: Djup: <span class=\"product_dimensions\">35 cm, Bredd: 40 cm, H\u00f6jd: 60 cm.<\/span><\/span><\/p>\n<p>En unik m\u00f6bel till ditt hem<br \/>\nBaazar tillverkar och renoverar m\u00f6bler varsamt f\u00f6r hand enligt tusen\u00e5riga traditioner. Alla m\u00f6bler tillverkas helt utav tr\u00e4. <a href=\"https:\/\/www.baazar.se\/sv\/baazars-mobelverkstad\/\">L\u00e4s mer om v\u00e5r produktion h\u00e4r\u2026<\/a><\/p>\n","protected":false},"featured_media":2775,"template":"","meta":[],"product_brand":[],"product_cat":[136,360,358,394,107,108,357,359],"product_tag":[119,380,352,375],"class_list":{"0":"post-4043","1":"product","2":"type-product","3":"status-publish","4":"has-post-thumbnail","6":"product_cat-baazars-favoriter","7":"product_cat-badrum","8":"product_cat-hall","9":"product_cat-sangskap","10":"product_cat-skap","11":"product_cat-sma","12":"product_cat-sovrum","13":"product_cat-vardagsrum","14":"product_tag-sangbord","15":"product_tag-skap","16":"product_tag-sovrum","17":"product_tag-svart","18":"product_shipping_class-hemleverans-13-15kg-499kr","19":"tm-has-options","21":"first","22":"instock","23":"sale","24":"featured","25":"taxable","26":"shipping-taxable","27":"purchasable","28":"product-type-simple"},"_links":{"self":[{"href":"https:\/\/www.baazar.se\/sv\/wp-json\/wp\/v2\/product\/4043","targetHints":{"allow":["GET"]}}],"collection":[{"href":"https:\/\/www.baazar.se\/sv\/wp-json\/wp\/v2\/product"}],"about":[{"href":"https:\/\/www.baazar.se\/sv\/wp-json\/wp\/v2\/types\/product"}],"wp:featuredmedia":[{"embeddable":true,"href":"https:\/\/www.baazar.se\/sv\/wp-json\/wp\/v2\/media\/2775"}],"wp:attachment":[{"href":"https:\/\/www.baazar.se\/sv\/wp-json\/wp\/v2\/media?parent=4043"}],"wp:term":[{"taxonomy":"product_brand","embeddable":true,"href":"https:\/\/www.baazar.se\/sv\/wp-json\/wp\/v2\/product_brand?post=4043"},{"taxonomy":"product_cat","embeddable":true,"href":"https:\/\/www.baazar.se\/sv\/wp-json\/wp\/v2\/product_cat?post=4043"},{"taxonomy":"product_tag","embeddable":true,"href":"https:\/\/www.baazar.se\/sv\/wp-json\/wp\/v2\/product_tag?post=4043"}],"curies":[{"name":"wp","href":"https:\/\/api.w.org\/{rel}","templated":true}]}}