{"id":4044,"date":"2021-10-27T15:25:33","date_gmt":"2021-10-27T13:25:33","guid":{"rendered":"http:\/\/www.baazar.se\/sv\/?post_type=product&#038;p=4044"},"modified":"2026-03-26T16:05:05","modified_gmt":"2026-03-26T15:05:05","slug":"bokskap-g-167-rott","status":"publish","type":"product","link":"https:\/\/www.baazar.se\/sv\/produkt\/bokskap-g-167-rott\/","title":{"rendered":"G-167 Boksk\u00e5p, r\u00f6tt"},"content":{"rendered":"<div class=\"video-shortcode\">\n<blockquote class=\"wp-embedded-content\" data-secret=\"MucEcoauhc\"><p><a href=\"https:\/\/www.baazar.se\/sv\/baazars-mobelverkstad\/\">Baazars m\u00f6belverkstad<\/a><\/p><\/blockquote>\n<p><iframe class=\"wp-embedded-content\" sandbox=\"allow-scripts\" security=\"restricted\" style=\"position: absolute; clip: rect(1px, 1px, 1px, 1px);\" src=\"https:\/\/www.baazar.se\/sv\/baazars-mobelverkstad\/embed\/#?secret=MucEcoauhc\" data-secret=\"MucEcoauhc\" width=\"600\" height=\"338\" title=\"&#8221;Baazars m\u00f6belverkstad&#8221; &#8212; Baazar\" frameborder=\"0\" marginwidth=\"0\" marginheight=\"0\" scrolling=\"no\"><\/iframe><\/div>\n","protected":false},"excerpt":{"rendered":"<p>Nytillverkat boksk\u00e5p\u00a040 x 58 x 170 cm.<\/p>\n<p><span class=\"product_dimensions\">En unik m\u00f6bel till ditt hem<br \/>\nBaazar tillverkar och renoverar m\u00f6bler varsamt f\u00f6r hand enligt tusen\u00e5riga traditioner. Alla m\u00f6bler tillverkas helt utav tr\u00e4. <a href=\"https:\/\/www.baazar.se\/sv\/baazars-mobelverkstad\/\">L\u00e4s mer om v\u00e5r produktion h\u00e4r\u2026<\/a><\/span><\/p>\n","protected":false},"featured_media":26716,"template":"","meta":[],"product_brand":[],"product_cat":[360,372,358,370,107,357,359],"product_tag":[180,380,375],"class_list":{"0":"post-4044","1":"product","2":"type-product","3":"status-publish","4":"has-post-thumbnail","6":"product_cat-badrum","7":"product_cat-fargstarkt","8":"product_cat-hall","9":"product_cat-medium_skap","10":"product_cat-skap","11":"product_cat-sovrum","12":"product_cat-vardagsrum","13":"product_tag-bokskap","14":"product_tag-skap","15":"product_tag-svart","16":"product_shipping_class-hemleverans-18-21kg-900","17":"tm-has-options","19":"first","20":"instock","21":"sale","22":"featured","23":"taxable","24":"shipping-taxable","25":"purchasable","26":"product-type-simple"},"_links":{"self":[{"href":"https:\/\/www.baazar.se\/sv\/wp-json\/wp\/v2\/product\/4044","targetHints":{"allow":["GET"]}}],"collection":[{"href":"https:\/\/www.baazar.se\/sv\/wp-json\/wp\/v2\/product"}],"about":[{"href":"https:\/\/www.baazar.se\/sv\/wp-json\/wp\/v2\/types\/product"}],"wp:featuredmedia":[{"embeddable":true,"href":"https:\/\/www.baazar.se\/sv\/wp-json\/wp\/v2\/media\/26716"}],"wp:attachment":[{"href":"https:\/\/www.baazar.se\/sv\/wp-json\/wp\/v2\/media?parent=4044"}],"wp:term":[{"taxonomy":"product_brand","embeddable":true,"href":"https:\/\/www.baazar.se\/sv\/wp-json\/wp\/v2\/product_brand?post=4044"},{"taxonomy":"product_cat","embeddable":true,"href":"https:\/\/www.baazar.se\/sv\/wp-json\/wp\/v2\/product_cat?post=4044"},{"taxonomy":"product_tag","embeddable":true,"href":"https:\/\/www.baazar.se\/sv\/wp-json\/wp\/v2\/product_tag?post=4044"}],"curies":[{"name":"wp","href":"https:\/\/api.w.org\/{rel}","templated":true}]}}