{"id":4046,"date":"2025-12-27T15:38:39","date_gmt":"2025-12-27T14:38:39","guid":{"rendered":"http:\/\/www.baazar.se\/sv\/?post_type=product&#038;p=4046"},"modified":"2026-03-16T12:14:35","modified_gmt":"2026-03-16T11:14:35","slug":"charmigt-vitrinskap-vit-j-026","status":"publish","type":"product","link":"https:\/\/www.baazar.se\/sv\/produkt\/charmigt-vitrinskap-vit-j-026\/","title":{"rendered":"J-026 Charmigt vitrinsk\u00e5p, vit"},"content":{"rendered":"","protected":false},"excerpt":{"rendered":"<p>Charmigt vitrinsk\u00e5p i antikvitt med l\u00e5dor och vacker patinering.\u00a0Dimensioner:\u00a0<span class=\"product_dimensions\">44 x 77 x 155 cm.<\/span><\/p>\n<p>En unik m\u00f6bel till ditt hem<br \/>\nBaazar tillverkar och renoverar m\u00f6bler varsamt f\u00f6r hand enligt tusen\u00e5riga traditioner. Alla m\u00f6bler tillverkas helt utav tr\u00e4. <a href=\"https:\/\/www.baazar.se\/sv\/baazars-mobelverkstad\/\">L\u00e4s mer om v\u00e5r produktion h\u00e4r\u2026<\/a><\/p>\n","protected":false},"featured_media":52652,"template":"","meta":[],"product_brand":[],"product_cat":[360,358,370,107,357,389,359,371],"product_tag":[380,377,111],"class_list":{"0":"post-4046","1":"product","2":"type-product","3":"status-publish","4":"has-post-thumbnail","6":"product_cat-badrum","7":"product_cat-hall","8":"product_cat-medium_skap","9":"product_cat-skap","10":"product_cat-sovrum","11":"product_cat-stora_skap","12":"product_cat-vardagsrum","13":"product_cat-vitrinskap","14":"product_tag-skap","15":"product_tag-vit","16":"product_tag-vitrinskap","17":"product_shipping_class-hemleverans-18-21kg-900","18":"tm-has-options","20":"first","21":"instock","22":"sale","23":"featured","24":"taxable","25":"shipping-taxable","26":"purchasable","27":"product-type-simple"},"_links":{"self":[{"href":"https:\/\/www.baazar.se\/sv\/wp-json\/wp\/v2\/product\/4046","targetHints":{"allow":["GET"]}}],"collection":[{"href":"https:\/\/www.baazar.se\/sv\/wp-json\/wp\/v2\/product"}],"about":[{"href":"https:\/\/www.baazar.se\/sv\/wp-json\/wp\/v2\/types\/product"}],"wp:featuredmedia":[{"embeddable":true,"href":"https:\/\/www.baazar.se\/sv\/wp-json\/wp\/v2\/media\/52652"}],"wp:attachment":[{"href":"https:\/\/www.baazar.se\/sv\/wp-json\/wp\/v2\/media?parent=4046"}],"wp:term":[{"taxonomy":"product_brand","embeddable":true,"href":"https:\/\/www.baazar.se\/sv\/wp-json\/wp\/v2\/product_brand?post=4046"},{"taxonomy":"product_cat","embeddable":true,"href":"https:\/\/www.baazar.se\/sv\/wp-json\/wp\/v2\/product_cat?post=4046"},{"taxonomy":"product_tag","embeddable":true,"href":"https:\/\/www.baazar.se\/sv\/wp-json\/wp\/v2\/product_tag?post=4046"}],"curies":[{"name":"wp","href":"https:\/\/api.w.org\/{rel}","templated":true}]}}