{"id":4050,"date":"2026-03-27T15:53:15","date_gmt":"2026-03-27T14:53:15","guid":{"rendered":"http:\/\/www.baazar.se\/sv\/?post_type=product&#038;p=4050"},"modified":"2026-04-08T10:04:59","modified_gmt":"2026-04-08T08:04:59","slug":"hogt-vitrinskap-g-170-vit","status":"publish","type":"product","link":"https:\/\/www.baazar.se\/sv\/produkt\/hogt-vitrinskap-g-170-vit\/","title":{"rendered":"G-170 H\u00f6gt vitrinsk\u00e5p, vit"},"content":{"rendered":"","protected":false},"excerpt":{"rendered":"<p>Vackert vitrinsk\u00e5p. Nytillverkad.\u00a0Popul\u00e4r m\u00f6bel som oftast s\u00e4ljer slut innan den hinner in p\u00e5 lager.<\/p>\n<p><span class=\"product_dimensions\">En unik m\u00f6bel till ditt hem<br \/>\nBaazar tillverkar och renoverar m\u00f6bler varsamt f\u00f6r hand enligt tusen\u00e5riga traditioner. Alla m\u00f6bler tillverkas helt utav tr\u00e4. <a href=\"https:\/\/www.baazar.se\/sv\/baazars-mobelverkstad\/\">L\u00e4s mer om v\u00e5r produktion h\u00e4r\u2026<\/a><\/span><\/p>\n","protected":false},"featured_media":6276,"template":"","meta":[],"product_brand":[],"product_cat":[136,360,358,107,357,389,359,371],"product_tag":[380,377,111],"class_list":{"0":"post-4050","1":"product","2":"type-product","3":"status-publish","4":"has-post-thumbnail","6":"product_cat-baazars-favoriter","7":"product_cat-badrum","8":"product_cat-hall","9":"product_cat-skap","10":"product_cat-sovrum","11":"product_cat-stora_skap","12":"product_cat-vardagsrum","13":"product_cat-vitrinskap","14":"product_tag-skap","15":"product_tag-vit","16":"product_tag-vitrinskap","17":"product_shipping_class-hemleverans-18-21kg-900","18":"tm-has-options","20":"first","21":"instock","22":"sale","23":"featured","24":"taxable","25":"shipping-taxable","26":"purchasable","27":"product-type-simple"},"_links":{"self":[{"href":"https:\/\/www.baazar.se\/sv\/wp-json\/wp\/v2\/product\/4050","targetHints":{"allow":["GET"]}}],"collection":[{"href":"https:\/\/www.baazar.se\/sv\/wp-json\/wp\/v2\/product"}],"about":[{"href":"https:\/\/www.baazar.se\/sv\/wp-json\/wp\/v2\/types\/product"}],"wp:featuredmedia":[{"embeddable":true,"href":"https:\/\/www.baazar.se\/sv\/wp-json\/wp\/v2\/media\/6276"}],"wp:attachment":[{"href":"https:\/\/www.baazar.se\/sv\/wp-json\/wp\/v2\/media?parent=4050"}],"wp:term":[{"taxonomy":"product_brand","embeddable":true,"href":"https:\/\/www.baazar.se\/sv\/wp-json\/wp\/v2\/product_brand?post=4050"},{"taxonomy":"product_cat","embeddable":true,"href":"https:\/\/www.baazar.se\/sv\/wp-json\/wp\/v2\/product_cat?post=4050"},{"taxonomy":"product_tag","embeddable":true,"href":"https:\/\/www.baazar.se\/sv\/wp-json\/wp\/v2\/product_tag?post=4050"}],"curies":[{"name":"wp","href":"https:\/\/api.w.org\/{rel}","templated":true}]}}