{"id":4051,"date":"2026-02-02T15:54:55","date_gmt":"2026-02-02T14:54:55","guid":{"rendered":"http:\/\/www.baazar.se\/sv\/?post_type=product&#038;p=4051"},"modified":"2026-03-26T15:42:39","modified_gmt":"2026-03-26T14:42:39","slug":"hogt-vitrinskap-h-361-svart","status":"publish","type":"product","link":"https:\/\/www.baazar.se\/sv\/produkt\/hogt-vitrinskap-h-361-svart\/","title":{"rendered":"H-361 H\u00f6gt vitrinsk\u00e5p, svart"},"content":{"rendered":"","protected":false},"excerpt":{"rendered":"<p>H\u00f6gt vitrinsk\u00e5p. mycket vackert. Dimensioner:\u00a0<span class=\"product_dimensions\">80 x 36 x 240 cm.<\/span><\/p>\n<p>Det lilla sk\u00e5pet finns <a href=\"https:\/\/www.baazar.se\/sv\/produkt\/mqn-042\/\">h\u00e4r&#8230;<\/a><\/p>\n<p>En unik m\u00f6bel till ditt hem<br \/>\nBaazar tillverkar och renoverar m\u00f6bler varsamt f\u00f6r hand enligt tusen\u00e5riga traditioner. Alla m\u00f6bler tillverkas helt utav tr\u00e4. <a href=\"https:\/\/www.baazar.se\/sv\/baazars-mobelverkstad\/\">L\u00e4s mer om v\u00e5r produktion h\u00e4r\u2026<\/a><\/p>\n","protected":false},"featured_media":42943,"template":"","meta":[],"product_brand":[],"product_cat":[360,358,107,357,389,424,359,371],"product_tag":[380,375,111],"class_list":{"0":"post-4051","1":"product","2":"type-product","3":"status-publish","4":"has-post-thumbnail","6":"product_cat-badrum","7":"product_cat-hall","8":"product_cat-skap","9":"product_cat-sovrum","10":"product_cat-stora_skap","11":"product_cat-supererbjudande","12":"product_cat-vardagsrum","13":"product_cat-vitrinskap","14":"product_tag-skap","15":"product_tag-svart","16":"product_tag-vitrinskap","17":"product_shipping_class-hemleverans-18-21kg-900","18":"tm-has-options","20":"first","21":"instock","22":"sale","23":"featured","24":"taxable","25":"shipping-taxable","26":"purchasable","27":"product-type-simple"},"_links":{"self":[{"href":"https:\/\/www.baazar.se\/sv\/wp-json\/wp\/v2\/product\/4051","targetHints":{"allow":["GET"]}}],"collection":[{"href":"https:\/\/www.baazar.se\/sv\/wp-json\/wp\/v2\/product"}],"about":[{"href":"https:\/\/www.baazar.se\/sv\/wp-json\/wp\/v2\/types\/product"}],"wp:featuredmedia":[{"embeddable":true,"href":"https:\/\/www.baazar.se\/sv\/wp-json\/wp\/v2\/media\/42943"}],"wp:attachment":[{"href":"https:\/\/www.baazar.se\/sv\/wp-json\/wp\/v2\/media?parent=4051"}],"wp:term":[{"taxonomy":"product_brand","embeddable":true,"href":"https:\/\/www.baazar.se\/sv\/wp-json\/wp\/v2\/product_brand?post=4051"},{"taxonomy":"product_cat","embeddable":true,"href":"https:\/\/www.baazar.se\/sv\/wp-json\/wp\/v2\/product_cat?post=4051"},{"taxonomy":"product_tag","embeddable":true,"href":"https:\/\/www.baazar.se\/sv\/wp-json\/wp\/v2\/product_tag?post=4051"}],"curies":[{"name":"wp","href":"https:\/\/api.w.org\/{rel}","templated":true}]}}