{"id":4053,"date":"2024-11-05T15:57:14","date_gmt":"2024-11-05T14:57:14","guid":{"rendered":"http:\/\/www.baazar.se\/sv\/?post_type=product&#038;p=4053"},"modified":"2026-03-26T15:49:39","modified_gmt":"2026-03-26T14:49:39","slug":"tv-bank-for-platt-skarm-tvbe02-vit","status":"publish","type":"product","link":"https:\/\/www.baazar.se\/sv\/produkt\/tv-bank-for-platt-skarm-tvbe02-vit\/","title":{"rendered":"TVBE-02 mediab\u00e4nk, sideboard, vit"},"content":{"rendered":"","protected":false},"excerpt":{"rendered":"<p>Mediaf\u00f6rvaring med m\u00f6jlighet att skjuta in luckorna i sk\u00e5pet. Innerm\u00e5tt i sk\u00e5pet bredd 63 cm och h\u00f6jd 31 cm.\u00a0Dimensioner: djup\u00a0<span class=\"product_dimensions\">48 x bredd 190 x h\u00f6jd 50 cm.<\/span><\/p>\n<p>En unik m\u00f6bel till ditt hem<br \/>\nBaazar tillverkar och renoverar m\u00f6bler varsamt f\u00f6r hand enligt tusen\u00e5riga traditioner. Alla m\u00f6bler tillverkas helt utav tr\u00e4. <a href=\"https:\/\/www.baazar.se\/sv\/baazars-mobelverkstad\/\">L\u00e4s mer om v\u00e5r produktion h\u00e4r\u2026<\/a><\/p>\n","protected":false},"featured_media":52660,"template":"","meta":[],"product_brand":[],"product_cat":[368,357,134,359],"product_tag":[187,353,377],"class_list":{"0":"post-4053","1":"product","2":"type-product","3":"status-publish","4":"has-post-thumbnail","6":"product_cat-side-board","7":"product_cat-sovrum","8":"product_cat-tv-bankar","9":"product_cat-vardagsrum","10":"product_tag-tv-bank","11":"product_tag-vardagsrum","12":"product_tag-vit","13":"product_shipping_class-hemleverans-18-21kg-900","14":"tm-has-options","16":"first","17":"instock","18":"sale","19":"featured","20":"taxable","21":"shipping-taxable","22":"purchasable","23":"product-type-simple"},"_links":{"self":[{"href":"https:\/\/www.baazar.se\/sv\/wp-json\/wp\/v2\/product\/4053","targetHints":{"allow":["GET"]}}],"collection":[{"href":"https:\/\/www.baazar.se\/sv\/wp-json\/wp\/v2\/product"}],"about":[{"href":"https:\/\/www.baazar.se\/sv\/wp-json\/wp\/v2\/types\/product"}],"wp:featuredmedia":[{"embeddable":true,"href":"https:\/\/www.baazar.se\/sv\/wp-json\/wp\/v2\/media\/52660"}],"wp:attachment":[{"href":"https:\/\/www.baazar.se\/sv\/wp-json\/wp\/v2\/media?parent=4053"}],"wp:term":[{"taxonomy":"product_brand","embeddable":true,"href":"https:\/\/www.baazar.se\/sv\/wp-json\/wp\/v2\/product_brand?post=4053"},{"taxonomy":"product_cat","embeddable":true,"href":"https:\/\/www.baazar.se\/sv\/wp-json\/wp\/v2\/product_cat?post=4053"},{"taxonomy":"product_tag","embeddable":true,"href":"https:\/\/www.baazar.se\/sv\/wp-json\/wp\/v2\/product_tag?post=4053"}],"curies":[{"name":"wp","href":"https:\/\/api.w.org\/{rel}","templated":true}]}}