{"id":4150,"date":"2026-02-24T09:05:22","date_gmt":"2026-02-24T08:05:22","guid":{"rendered":"http:\/\/www.baazar.se\/sv\/?post_type=product&#038;p=4150"},"modified":"2026-04-05T10:59:18","modified_gmt":"2026-04-05T08:59:18","slug":"sideboard-g-178","status":"publish","type":"product","link":"https:\/\/www.baazar.se\/sv\/produkt\/sideboard-g-178\/","title":{"rendered":"G-178 Sideboard"},"content":{"rendered":"","protected":false},"excerpt":{"rendered":"<p style=\"text-align: left;\">N\u00e4tt sideboard, vacker modell med sk\u00f6n patina, svart. Nytillverkad.<br \/>\nPopul\u00e4r m\u00f6bel som oftast s\u00e4ljer slut innan den hinner in p\u00e5 lager.\u00a0Dimensioner: Djup 25 cm,<span class=\"product_dimensions\"> Brett 95 cm, H\u00f6jd 90 cm.<\/span><\/p>\n<p><a href=\"https:\/\/www.baazar.se\/sv\/produkt\/mr-048-spegel-med-vackert-arbetad-traram\/\">Den runda spegeln finns h\u00e4r&#8230;<\/a><\/p>\n<p>En unik m\u00f6bel till ditt hem<br \/>\nBaazar tillverkar och renoverar m\u00f6bler varsamt f\u00f6r hand enligt tusen\u00e5riga traditioner. Alla m\u00f6bler tillverkas helt utav tr\u00e4. <a href=\"https:\/\/www.baazar.se\/sv\/baazars-mobelverkstad\/\">L\u00e4s mer om v\u00e5r produktion h\u00e4r\u2026<\/a><\/p>\n","protected":false},"featured_media":6266,"template":"","meta":[],"product_brand":[],"product_cat":[136,360,130,358,395,368,140,357,424,359],"product_tag":[115,354,300,112,375],"class_list":{"0":"post-4150","1":"product","2":"type-product","3":"status-publish","4":"has-post-thumbnail","6":"product_cat-baazars-favoriter","7":"product_cat-badrum","8":"product_cat-byra","9":"product_cat-hall","10":"product_cat-hallmobler","11":"product_cat-side-board","12":"product_cat-skankar","13":"product_cat-sovrum","14":"product_cat-supererbjudande","15":"product_cat-vardagsrum","16":"product_tag-bord","17":"product_tag-hall","18":"product_tag-popular","19":"product_tag-sideboard","20":"product_tag-svart","21":"product_shipping_class-hemleverans-18-21kg-900","22":"tm-has-options","24":"first","25":"instock","26":"sale","27":"featured","28":"taxable","29":"shipping-taxable","30":"purchasable","31":"product-type-simple"},"_links":{"self":[{"href":"https:\/\/www.baazar.se\/sv\/wp-json\/wp\/v2\/product\/4150","targetHints":{"allow":["GET"]}}],"collection":[{"href":"https:\/\/www.baazar.se\/sv\/wp-json\/wp\/v2\/product"}],"about":[{"href":"https:\/\/www.baazar.se\/sv\/wp-json\/wp\/v2\/types\/product"}],"wp:featuredmedia":[{"embeddable":true,"href":"https:\/\/www.baazar.se\/sv\/wp-json\/wp\/v2\/media\/6266"}],"wp:attachment":[{"href":"https:\/\/www.baazar.se\/sv\/wp-json\/wp\/v2\/media?parent=4150"}],"wp:term":[{"taxonomy":"product_brand","embeddable":true,"href":"https:\/\/www.baazar.se\/sv\/wp-json\/wp\/v2\/product_brand?post=4150"},{"taxonomy":"product_cat","embeddable":true,"href":"https:\/\/www.baazar.se\/sv\/wp-json\/wp\/v2\/product_cat?post=4150"},{"taxonomy":"product_tag","embeddable":true,"href":"https:\/\/www.baazar.se\/sv\/wp-json\/wp\/v2\/product_tag?post=4150"}],"curies":[{"name":"wp","href":"https:\/\/api.w.org\/{rel}","templated":true}]}}