{"id":41543,"date":"2024-11-09T13:15:21","date_gmt":"2024-11-09T12:15:21","guid":{"rendered":"https:\/\/www.baazar.se\/sv\/?post_type=product&#038;p=41543"},"modified":"2026-03-16T14:14:57","modified_gmt":"2026-03-16T13:14:57","slug":"bh-048-semiantikt-sideboard-skrivbord-svart","status":"publish","type":"product","link":"https:\/\/www.baazar.se\/sv\/produkt\/bh-048-semiantikt-sideboard-skrivbord-svart\/","title":{"rendered":"BH-048 semiantikt sideboard\/skrivbord svart"},"content":{"rendered":"<div class=\"video-shortcode\">\n<blockquote class=\"wp-embedded-content\" data-secret=\"xYmtNvHuLx\"><p><a href=\"https:\/\/www.baazar.se\/sv\/baazars-mobelverkstad\/\">Baazars m\u00f6belverkstad<\/a><\/p><\/blockquote>\n<p><iframe class=\"wp-embedded-content\" sandbox=\"allow-scripts\" security=\"restricted\" style=\"position: absolute; clip: rect(1px, 1px, 1px, 1px);\" src=\"https:\/\/www.baazar.se\/sv\/baazars-mobelverkstad\/embed\/#?secret=xYmtNvHuLx\" data-secret=\"xYmtNvHuLx\" width=\"600\" height=\"338\" title=\"&#8221;Baazars m\u00f6belverkstad&#8221; &#8212; Baazar\" frameborder=\"0\" marginwidth=\"0\" marginheight=\"0\" scrolling=\"no\"><\/iframe><\/div>\n<p>&nbsp;<\/p>\n","protected":false},"excerpt":{"rendered":"<p>Uts\u00f6kt vackert semiantikt sideboard\/skrivbord. Fantastisk m\u00f6bel med m\u00e5nga l\u00e5dor f\u00f6r f\u00f6rvaring. En gammal m\u00f6bel som renoverats varsamt efter ett liv i ett hem p\u00e5 landsbygden. D\u00e5 det \u00e4r gamla m\u00f6bler kan de skilja sig n\u00e5got \u00e5t i storlek och utsmyckning, din nya m\u00f6bel \u00e4r helt unik f\u00f6r dig. Storlek (ca): 127 cm bred, 46 cm djup och 88 cm h\u00f6g. En unik m\u00f6bel!<\/p>\n<p><a href=\"https:\/\/www.baazar.se\/sv\/produkt\/kulram-gammal-k-081\/\">Kulramen finns h\u00e4r&#8230;<\/a><\/p>\n<p>Baazar tillverkar och renoverar m\u00f6bler varsamt f\u00f6r hand enligt tusen\u00e5riga traditioner. Alla m\u00f6bler tillverkas helt utav tr\u00e4. <a href=\"https:\/\/www.baazar.se\/sv\/baazars-mobelverkstad\/\">L\u00e4s mer om v\u00e5r produktion h\u00e4r\u2026<\/a><\/p>\n<p>&nbsp;<\/p>\n","protected":false},"featured_media":41544,"template":"","meta":[],"product_brand":[],"product_cat":[360,367,130,372,358,395,138,368,366,357,359],"product_tag":[],"class_list":{"0":"post-41543","1":"product","2":"type-product","3":"status-publish","4":"has-post-thumbnail","6":"product_cat-badrum","7":"product_cat-bord","8":"product_cat-byra","9":"product_cat-fargstarkt","10":"product_cat-hall","11":"product_cat-hallmobler","12":"product_cat-qing","13":"product_cat-side-board","14":"product_cat-skrivbord","15":"product_cat-sovrum","16":"product_cat-vardagsrum","17":"product_shipping_class-hemleverans-18-21kg-900","18":"tm-has-options","20":"first","21":"onbackorder","22":"taxable","23":"shipping-taxable","24":"purchasable","25":"product-type-simple"},"_links":{"self":[{"href":"https:\/\/www.baazar.se\/sv\/wp-json\/wp\/v2\/product\/41543","targetHints":{"allow":["GET"]}}],"collection":[{"href":"https:\/\/www.baazar.se\/sv\/wp-json\/wp\/v2\/product"}],"about":[{"href":"https:\/\/www.baazar.se\/sv\/wp-json\/wp\/v2\/types\/product"}],"wp:featuredmedia":[{"embeddable":true,"href":"https:\/\/www.baazar.se\/sv\/wp-json\/wp\/v2\/media\/41544"}],"wp:attachment":[{"href":"https:\/\/www.baazar.se\/sv\/wp-json\/wp\/v2\/media?parent=41543"}],"wp:term":[{"taxonomy":"product_brand","embeddable":true,"href":"https:\/\/www.baazar.se\/sv\/wp-json\/wp\/v2\/product_brand?post=41543"},{"taxonomy":"product_cat","embeddable":true,"href":"https:\/\/www.baazar.se\/sv\/wp-json\/wp\/v2\/product_cat?post=41543"},{"taxonomy":"product_tag","embeddable":true,"href":"https:\/\/www.baazar.se\/sv\/wp-json\/wp\/v2\/product_tag?post=41543"}],"curies":[{"name":"wp","href":"https:\/\/api.w.org\/{rel}","templated":true}]}}