{"id":4155,"date":"2021-03-20T09:13:44","date_gmt":"2021-03-20T08:13:44","guid":{"rendered":"http:\/\/www.baazar.se\/sv\/?post_type=product&#038;p=4155"},"modified":"2026-03-26T16:08:36","modified_gmt":"2026-03-26T15:08:36","slug":"vitrinskap-a-15-vit","status":"publish","type":"product","link":"https:\/\/www.baazar.se\/sv\/produkt\/vitrinskap-a-15-vit\/","title":{"rendered":"A-15 Vitrinsk\u00e5p, vit"},"content":{"rendered":"","protected":false},"excerpt":{"rendered":"<p>Vacker vitrinsk\u00e5p.\u00a0Dimensioner: <span class=\"product_dimensions\">40 x 82 x 180 cm.<\/span><\/p>\n<p>En unik m\u00f6bel till ditt hem<br \/>\nBaazar tillverkar och renoverar m\u00f6bler varsamt f\u00f6r hand enligt tusen\u00e5riga traditioner. Alla m\u00f6bler tillverkas helt utav tr\u00e4. <a href=\"https:\/\/www.baazar.se\/sv\/baazars-mobelverkstad\/\">L\u00e4s mer om v\u00e5r produktion h\u00e4r\u2026<\/a><\/p>\n","protected":false},"featured_media":41967,"template":"","meta":[],"product_brand":[],"product_cat":[136,360,358,357,389,359,371],"product_tag":[355],"class_list":{"0":"post-4155","1":"product","2":"type-product","3":"status-publish","4":"has-post-thumbnail","6":"product_cat-baazars-favoriter","7":"product_cat-badrum","8":"product_cat-hall","9":"product_cat-sovrum","10":"product_cat-stora_skap","11":"product_cat-vardagsrum","12":"product_cat-vitrinskap","13":"product_tag-badrum","14":"product_shipping_class-hemleverans-18-21kg-900","15":"tm-has-options","17":"first","18":"onbackorder","19":"taxable","20":"shipping-taxable","21":"purchasable","22":"product-type-simple"},"_links":{"self":[{"href":"https:\/\/www.baazar.se\/sv\/wp-json\/wp\/v2\/product\/4155","targetHints":{"allow":["GET"]}}],"collection":[{"href":"https:\/\/www.baazar.se\/sv\/wp-json\/wp\/v2\/product"}],"about":[{"href":"https:\/\/www.baazar.se\/sv\/wp-json\/wp\/v2\/types\/product"}],"wp:featuredmedia":[{"embeddable":true,"href":"https:\/\/www.baazar.se\/sv\/wp-json\/wp\/v2\/media\/41967"}],"wp:attachment":[{"href":"https:\/\/www.baazar.se\/sv\/wp-json\/wp\/v2\/media?parent=4155"}],"wp:term":[{"taxonomy":"product_brand","embeddable":true,"href":"https:\/\/www.baazar.se\/sv\/wp-json\/wp\/v2\/product_brand?post=4155"},{"taxonomy":"product_cat","embeddable":true,"href":"https:\/\/www.baazar.se\/sv\/wp-json\/wp\/v2\/product_cat?post=4155"},{"taxonomy":"product_tag","embeddable":true,"href":"https:\/\/www.baazar.se\/sv\/wp-json\/wp\/v2\/product_tag?post=4155"}],"curies":[{"name":"wp","href":"https:\/\/api.w.org\/{rel}","templated":true}]}}