{"id":4173,"date":"2023-06-12T09:46:59","date_gmt":"2023-06-12T07:46:59","guid":{"rendered":"http:\/\/www.baazar.se\/sv\/produkt\/vitrinskap-15-svart\/"},"modified":"2026-03-26T15:56:23","modified_gmt":"2026-03-26T14:56:23","slug":"vitrinskap-15-svart","status":"publish","type":"product","link":"https:\/\/www.baazar.se\/sv\/produkt\/vitrinskap-15-svart\/","title":{"rendered":"A-15 Vitrinsk\u00e5p, svart"},"content":{"rendered":"<p><a href=\"http:\/\/www.baazar.se\/sv\/wp-content\/uploads\/2015\/02\/4cfic6cpdarpljf3.jpg\"><img decoding=\"async\" class=\"alignnone size-full wp-image-4904\" src=\"http:\/\/www.baazar.se\/sv\/wp-content\/uploads\/2015\/02\/4cfic6cpdarpljf3.jpg\" alt=\"4cfic6cpdarpljf3\" width=\"1920\" height=\"1280\" srcset=\"https:\/\/www.baazar.se\/sv\/wp-content\/uploads\/2015\/02\/4cfic6cpdarpljf3-300x200.jpg 300w, https:\/\/www.baazar.se\/sv\/wp-content\/uploads\/2015\/02\/4cfic6cpdarpljf3-500x333.jpg 500w, https:\/\/www.baazar.se\/sv\/wp-content\/uploads\/2015\/02\/4cfic6cpdarpljf3-768x512.jpg 768w, https:\/\/www.baazar.se\/sv\/wp-content\/uploads\/2015\/02\/4cfic6cpdarpljf3-1024x683.jpg 1024w, https:\/\/www.baazar.se\/sv\/wp-content\/uploads\/2015\/02\/4cfic6cpdarpljf3.jpg 1920w\" sizes=\"(max-width: 1920px) 100vw, 1920px\" \/><\/a> <a href=\"http:\/\/www.baazar.se\/sv\/wp-content\/uploads\/2015\/02\/a15-svart.jpg\"><img decoding=\"async\" class=\"alignnone size-full wp-image-4903\" src=\"http:\/\/www.baazar.se\/sv\/wp-content\/uploads\/2015\/02\/a15-svart.jpg\" alt=\"a15-svart\" width=\"394\" height=\"650\" srcset=\"https:\/\/www.baazar.se\/sv\/wp-content\/uploads\/2015\/02\/a15-svart-182x300.jpg 182w, https:\/\/www.baazar.se\/sv\/wp-content\/uploads\/2015\/02\/a15-svart-300x495.jpg 300w, https:\/\/www.baazar.se\/sv\/wp-content\/uploads\/2015\/02\/a15-svart.jpg 394w\" sizes=\"(max-width: 394px) 100vw, 394px\" \/><\/a><\/p>\n","protected":false},"excerpt":{"rendered":"<p>Vackert vitrinsk\u00e5p.\u00a0Dimensioner: <span class=\"product_dimensions\">40 x 82 x 180 cm.<\/span><\/p>\n<p>En unik m\u00f6bel till ditt hem<br \/>\nBaazar tillverkar och renoverar m\u00f6bler varsamt f\u00f6r hand enligt tusen\u00e5riga traditioner. Alla m\u00f6bler tillverkas helt utav tr\u00e4. <a href=\"https:\/\/www.baazar.se\/sv\/baazars-mobelverkstad\/\">L\u00e4s mer om v\u00e5r produktion h\u00e4r&#8230;<\/a><\/p>\n","protected":false},"featured_media":20574,"template":"","meta":[],"product_brand":[],"product_cat":[136,360,358,357,389,359,371],"product_tag":[355],"class_list":{"0":"post-4173","1":"product","2":"type-product","3":"status-publish","4":"has-post-thumbnail","6":"product_cat-baazars-favoriter","7":"product_cat-badrum","8":"product_cat-hall","9":"product_cat-sovrum","10":"product_cat-stora_skap","11":"product_cat-vardagsrum","12":"product_cat-vitrinskap","13":"product_tag-badrum","14":"product_shipping_class-hemleverans-18-21kg-900","15":"tm-has-options","17":"first","18":"onbackorder","19":"taxable","20":"shipping-taxable","21":"purchasable","22":"product-type-simple"},"_links":{"self":[{"href":"https:\/\/www.baazar.se\/sv\/wp-json\/wp\/v2\/product\/4173","targetHints":{"allow":["GET"]}}],"collection":[{"href":"https:\/\/www.baazar.se\/sv\/wp-json\/wp\/v2\/product"}],"about":[{"href":"https:\/\/www.baazar.se\/sv\/wp-json\/wp\/v2\/types\/product"}],"wp:featuredmedia":[{"embeddable":true,"href":"https:\/\/www.baazar.se\/sv\/wp-json\/wp\/v2\/media\/20574"}],"wp:attachment":[{"href":"https:\/\/www.baazar.se\/sv\/wp-json\/wp\/v2\/media?parent=4173"}],"wp:term":[{"taxonomy":"product_brand","embeddable":true,"href":"https:\/\/www.baazar.se\/sv\/wp-json\/wp\/v2\/product_brand?post=4173"},{"taxonomy":"product_cat","embeddable":true,"href":"https:\/\/www.baazar.se\/sv\/wp-json\/wp\/v2\/product_cat?post=4173"},{"taxonomy":"product_tag","embeddable":true,"href":"https:\/\/www.baazar.se\/sv\/wp-json\/wp\/v2\/product_tag?post=4173"}],"curies":[{"name":"wp","href":"https:\/\/api.w.org\/{rel}","templated":true}]}}