{"id":42826,"date":"2026-02-16T14:19:40","date_gmt":"2026-02-16T13:19:40","guid":{"rendered":"https:\/\/www.baazar.se\/sv\/?post_type=product&#038;p=42826"},"modified":"2026-02-27T16:24:52","modified_gmt":"2026-02-27T15:24:52","slug":"d-104-svart","status":"publish","type":"product","link":"https:\/\/www.baazar.se\/sv\/produkt\/d-104-svart\/","title":{"rendered":"D-104, svart"},"content":{"rendered":"","protected":false},"excerpt":{"rendered":"<p>Vacker kista att anv\u00e4nda till soffbord eller till f\u00f6rvaring. Dimensioner: Djup <span class=\"product_dimensions\">48\u00a0 cm, Bredd 73 cm, H\u00f6jd 48 cm.<\/span><\/p>\n<p>En unik m\u00f6bel till ditt hem<br \/>\nBaazar tillverkar och renoverar m\u00f6bler varsamt f\u00f6r hand enligt tusen\u00e5riga traditioner. Alla m\u00f6bler tillverkas helt utav tr\u00e4. <a href=\"https:\/\/www.baazar.se\/sv\/baazars-mobelverkstad\/\">L\u00e4s mer om v\u00e5r produktion h\u00e4r\u2026<\/a><\/p>\n","protected":false},"featured_media":45322,"template":"","meta":[],"product_brand":[],"product_cat":[360,367,358,137,132,138,356,369,392,357,359],"product_tag":[],"class_list":{"0":"post-42826","1":"product","2":"type-product","3":"status-publish","4":"has-post-thumbnail","6":"product_cat-badrum","7":"product_cat-bord","8":"product_cat-hall","9":"product_cat-kang","10":"product_cat-kistor","11":"product_cat-qing","12":"product_cat-rum","13":"product_cat-sitt-mobler","14":"product_cat-soffbord","15":"product_cat-sovrum","16":"product_cat-vardagsrum","17":"product_shipping_class-hemleverans-13-15kg-499kr","18":"tm-has-options","20":"first","21":"instock","22":"sale","23":"featured","24":"taxable","25":"shipping-taxable","26":"purchasable","27":"product-type-simple"},"_links":{"self":[{"href":"https:\/\/www.baazar.se\/sv\/wp-json\/wp\/v2\/product\/42826","targetHints":{"allow":["GET"]}}],"collection":[{"href":"https:\/\/www.baazar.se\/sv\/wp-json\/wp\/v2\/product"}],"about":[{"href":"https:\/\/www.baazar.se\/sv\/wp-json\/wp\/v2\/types\/product"}],"wp:featuredmedia":[{"embeddable":true,"href":"https:\/\/www.baazar.se\/sv\/wp-json\/wp\/v2\/media\/45322"}],"wp:attachment":[{"href":"https:\/\/www.baazar.se\/sv\/wp-json\/wp\/v2\/media?parent=42826"}],"wp:term":[{"taxonomy":"product_brand","embeddable":true,"href":"https:\/\/www.baazar.se\/sv\/wp-json\/wp\/v2\/product_brand?post=42826"},{"taxonomy":"product_cat","embeddable":true,"href":"https:\/\/www.baazar.se\/sv\/wp-json\/wp\/v2\/product_cat?post=42826"},{"taxonomy":"product_tag","embeddable":true,"href":"https:\/\/www.baazar.se\/sv\/wp-json\/wp\/v2\/product_tag?post=42826"}],"curies":[{"name":"wp","href":"https:\/\/api.w.org\/{rel}","templated":true}]}}