{"id":4497,"date":"2015-02-05T10:54:18","date_gmt":"2015-02-05T09:54:18","guid":{"rendered":"http:\/\/www.baazar.se\/sv\/?post_type=product&#038;p=4497"},"modified":"2025-08-03T22:39:59","modified_gmt":"2025-08-03T20:39:59","slug":"h-007","status":"publish","type":"product","link":"https:\/\/www.baazar.se\/sv\/produkt\/h-007\/","title":{"rendered":"H-007 vit"},"content":{"rendered":"","protected":false},"excerpt":{"rendered":"<p>Sekelgammal stol i alm. Kommer fr\u00e5n provinsen Shanxi i Kina.\u00a0Dimensioner:\u00a0<span class=\"product_dimensions\">40 x 50 x 110 cm.<\/span><\/p>\n<p>En unik m\u00f6bel till ditt hem<br \/>\nBaazar tillverkar och renoverar m\u00f6bler varsamt f\u00f6r hand enligt tusen\u00e5riga traditioner. Alla m\u00f6bler tillverkas helt utav tr\u00e4. <a href=\"https:\/\/www.baazar.se\/sv\/baazars-mobelverkstad\/\">L\u00e4s mer om v\u00e5r produktion h\u00e4r\u2026<\/a><\/p>\n","protected":false},"featured_media":7703,"template":"","meta":[],"product_brand":[],"product_cat":[358,138,369,357,393,359],"product_tag":[302,305],"class_list":{"0":"post-4497","1":"product","2":"type-product","3":"status-publish","4":"has-post-thumbnail","6":"product_cat-hall","7":"product_cat-qing","8":"product_cat-sitt-mobler","9":"product_cat-sovrum","10":"product_cat-stolar","11":"product_cat-vardagsrum","12":"product_tag-qingmobel","13":"product_tag-sittmobel","14":"product_shipping_class-hemleverans-18-21kg-900","15":"tm-has-options","17":"first","18":"instock","19":"sale","20":"featured","21":"taxable","22":"shipping-taxable","23":"purchasable","24":"product-type-simple"},"_links":{"self":[{"href":"https:\/\/www.baazar.se\/sv\/wp-json\/wp\/v2\/product\/4497","targetHints":{"allow":["GET"]}}],"collection":[{"href":"https:\/\/www.baazar.se\/sv\/wp-json\/wp\/v2\/product"}],"about":[{"href":"https:\/\/www.baazar.se\/sv\/wp-json\/wp\/v2\/types\/product"}],"wp:featuredmedia":[{"embeddable":true,"href":"https:\/\/www.baazar.se\/sv\/wp-json\/wp\/v2\/media\/7703"}],"wp:attachment":[{"href":"https:\/\/www.baazar.se\/sv\/wp-json\/wp\/v2\/media?parent=4497"}],"wp:term":[{"taxonomy":"product_brand","embeddable":true,"href":"https:\/\/www.baazar.se\/sv\/wp-json\/wp\/v2\/product_brand?post=4497"},{"taxonomy":"product_cat","embeddable":true,"href":"https:\/\/www.baazar.se\/sv\/wp-json\/wp\/v2\/product_cat?post=4497"},{"taxonomy":"product_tag","embeddable":true,"href":"https:\/\/www.baazar.se\/sv\/wp-json\/wp\/v2\/product_tag?post=4497"}],"curies":[{"name":"wp","href":"https:\/\/api.w.org\/{rel}","templated":true}]}}