{"id":4501,"date":"2022-04-05T11:05:31","date_gmt":"2022-04-05T09:05:31","guid":{"rendered":"http:\/\/www.baazar.se\/sv\/?post_type=product&#038;p=4501"},"modified":"2026-03-28T14:04:10","modified_gmt":"2026-03-28T13:04:10","slug":"033-shabby-black","status":"publish","type":"product","link":"https:\/\/www.baazar.se\/sv\/produkt\/033-shabby-black\/","title":{"rendered":"I-033, stol, svart"},"content":{"rendered":"","protected":false},"excerpt":{"rendered":"<p>Stol av bj\u00f6rk med sits i rotting. Fantastisk m\u00f6bel. Dimensioner: <span class=\"product_dimensions\">42 x 44 x 88 cm. Sitsen \u00e4r ca 46 cm h\u00f6g.<br \/>\nS\u00e4ljs endast i par. Priset \u00e4r per stol.<br \/>\n<\/span><\/p>\n<p><a href=\"https:\/\/www.baazar.se\/sv\/produkt\/matbord-bh-075-svart\/\">Se bordet p\u00e5 bilderna h\u00e4r&#8230;<\/a><\/p>\n<p>En unik m\u00f6bel till ditt hem<br \/>\nBaazar tillverkar och renoverar m\u00f6bler varsamt f\u00f6r hand enligt tusen\u00e5riga traditioner. Alla m\u00f6bler tillverkas helt utav tr\u00e4. <a href=\"https:\/\/www.baazar.se\/sv\/baazars-mobelverkstad\/\">L\u00e4s mer om v\u00e5r produktion h\u00e4r\u2026<\/a><\/p>\n<p>Dessa stolar s\u00e4ljs i par.<\/p>\n","protected":false},"featured_media":28475,"template":"","meta":[],"product_brand":[],"product_cat":[358,369,357,393,424,359],"product_tag":[305,190,375],"class_list":{"0":"post-4501","1":"product","2":"type-product","3":"status-publish","4":"has-post-thumbnail","6":"product_cat-hall","7":"product_cat-sitt-mobler","8":"product_cat-sovrum","9":"product_cat-stolar","10":"product_cat-supererbjudande","11":"product_cat-vardagsrum","12":"product_tag-sittmobel","13":"product_tag-stol","14":"product_tag-svart","15":"product_shipping_class-hemleverans-10-12kg-299","16":"tm-has-options","18":"first","19":"instock","20":"sale","21":"featured","22":"taxable","23":"shipping-taxable","24":"purchasable","25":"product-type-simple"},"_links":{"self":[{"href":"https:\/\/www.baazar.se\/sv\/wp-json\/wp\/v2\/product\/4501","targetHints":{"allow":["GET"]}}],"collection":[{"href":"https:\/\/www.baazar.se\/sv\/wp-json\/wp\/v2\/product"}],"about":[{"href":"https:\/\/www.baazar.se\/sv\/wp-json\/wp\/v2\/types\/product"}],"wp:featuredmedia":[{"embeddable":true,"href":"https:\/\/www.baazar.se\/sv\/wp-json\/wp\/v2\/media\/28475"}],"wp:attachment":[{"href":"https:\/\/www.baazar.se\/sv\/wp-json\/wp\/v2\/media?parent=4501"}],"wp:term":[{"taxonomy":"product_brand","embeddable":true,"href":"https:\/\/www.baazar.se\/sv\/wp-json\/wp\/v2\/product_brand?post=4501"},{"taxonomy":"product_cat","embeddable":true,"href":"https:\/\/www.baazar.se\/sv\/wp-json\/wp\/v2\/product_cat?post=4501"},{"taxonomy":"product_tag","embeddable":true,"href":"https:\/\/www.baazar.se\/sv\/wp-json\/wp\/v2\/product_tag?post=4501"}],"curies":[{"name":"wp","href":"https:\/\/api.w.org\/{rel}","templated":true}]}}